{"id":595,"date":"2018-10-07T13:45:56","date_gmt":"2018-10-07T11:45:56","guid":{"rendered":"http:\/\/ascamelot.es\/?page_id=595"},"modified":"2026-02-23T12:04:11","modified_gmt":"2026-02-23T11:04:11","slug":"tesoreria","status":"publish","type":"page","link":"https:\/\/ascamelot.es\/index.php\/tesoreria\/","title":{"rendered":"Tesorer\u00eda"},"content":{"rendered":"<section  class='av_textblock_section av-ynf3f-33ccb84c27d841dde4b8e432eb5e31bf'  itemscope=\"itemscope\" itemtype=\"https:\/\/schema.org\/CreativeWork\" ><div class='avia_textblock'  itemprop=\"text\" ><h2>Tesorer\u00eda<\/h2>\n<p>Las cuotas aportadas por la familia van destinadas a la realizaci\u00f3n de actividades del grupo, ya que el Kraal no recibe ning\u00fan beneficio econ\u00f3mico y trabaja de forma <strong>completamente voluntaria.<\/strong><\/p>\n<p>Dentro del conjunto de actividades a las que van destinadas estas cuotas se encuentran, entre otros el material que se usar\u00e1 durante las rondas (cartulinas, rotuladores, pegamento, etc) y al mantenimiento del local.<\/p>\n<\/div><\/section>\n\n<style type=\"text\/css\" data-created_by=\"avia_inline_auto\" id=\"style-css-av-sw77v-be0a8f4ab95d49195dc0f0a9a2cec5f9\">\n#top .hr.av-sw77v-be0a8f4ab95d49195dc0f0a9a2cec5f9{\nmargin-top:30px;\nmargin-bottom:30px;\n}\n.hr.av-sw77v-be0a8f4ab95d49195dc0f0a9a2cec5f9 .hr-inner{\nwidth:100px;\nborder-color:#cc963b;\nmax-width:45%;\n}\n.hr.av-sw77v-be0a8f4ab95d49195dc0f0a9a2cec5f9 .av-seperator-icon{\ncolor:#ce9129;\n}\n<\/style>\n<div  class='hr av-sw77v-be0a8f4ab95d49195dc0f0a9a2cec5f9 hr-custom  avia-builder-el-1  el_after_av_textblock  el_before_av_notification  hr-center hr-icon-yes'><span class='hr-inner inner-border-av-border-fat'><span class=\"hr-inner-style\"><\/span><\/span><span class='av-seperator-icon' aria-hidden='true' data-av_icon='\ue8c6' data-av_iconfont='entypo-fontello'><\/span><span class='hr-inner inner-border-av-border-fat'><span class=\"hr-inner-style\"><\/span><\/span><\/div>\n<div id='avia-messagebox-' class='avia_message_box av_notification av-jcnxn-bb9a51ca140db3accf83c5ac4d11a800 avia-color-blue avia-size-large avia-icon_select-yes avia-border-solid  avia-builder-el-2  el_after_av_hr  el_before_av_notification ' ><div class=\"avia_message_box_content\"><span class='avia_message_box_icon' aria-hidden='true' data-av_icon='\ue8d2' data-av_iconfont='entypo-fontello'><\/span><p>El pago de la cuota trimestral es 70\u20ac.<\/p>\n<\/div><\/div>\n<div id='avia-messagebox-' class='avia_message_box av_notification av-g9tyr-768f5ad0c442fca3c9043034b8a52cb6 avia-color-red avia-size-large avia-icon_select-yes avia-border-solid  avia-builder-el-3  el_after_av_notification  el_before_av_one_full ' ><div class=\"avia_message_box_content\"><span class='avia_message_box_icon' aria-hidden='true' data-av_icon='\ue8d2' data-av_iconfont='entypo-fontello'><\/span><p>Nuestro n\u00ba de cuenta es: ES20 0049 3677 0121 1411 6971<\/p>\n<\/div><\/div>\n\n<style type=\"text\/css\" data-created_by=\"avia_inline_auto\" id=\"style-css-av-9xp03-54b0418754993b3be16965c5a5ccc2de\">\n.flex_column.av-9xp03-54b0418754993b3be16965c5a5ccc2de{\n-webkit-border-radius:0px 0px 0px 0px;\n-moz-border-radius:0px 0px 0px 0px;\nborder-radius:0px 0px 0px 0px;\npadding:0px 0px 0px 0px;\n}\n<\/style>\n<div class='flex_column av-9xp03-54b0418754993b3be16965c5a5ccc2de av_one_full  avia-builder-el-4  el_after_av_notification  avia-builder-el-last  first flex_column_div av-zero-column-padding '     ><\/div>\n","protected":false},"excerpt":{"rendered":"","protected":false},"author":1,"featured_media":0,"parent":0,"menu_order":0,"comment_status":"closed","ping_status":"closed","template":"","meta":{"_monsterinsights_skip_tracking":false,"_monsterinsights_sitenote_active":false,"_monsterinsights_sitenote_note":"","_monsterinsights_sitenote_category":0,"_mc_calendar":[]},"aioseo_notices":[],"_links":{"self":[{"href":"https:\/\/ascamelot.es\/index.php\/wp-json\/wp\/v2\/pages\/595"}],"collection":[{"href":"https:\/\/ascamelot.es\/index.php\/wp-json\/wp\/v2\/pages"}],"about":[{"href":"https:\/\/ascamelot.es\/index.php\/wp-json\/wp\/v2\/types\/page"}],"author":[{"embeddable":true,"href":"https:\/\/ascamelot.es\/index.php\/wp-json\/wp\/v2\/users\/1"}],"replies":[{"embeddable":true,"href":"https:\/\/ascamelot.es\/index.php\/wp-json\/wp\/v2\/comments?post=595"}],"version-history":[{"count":23,"href":"https:\/\/ascamelot.es\/index.php\/wp-json\/wp\/v2\/pages\/595\/revisions"}],"predecessor-version":[{"id":3986,"href":"https:\/\/ascamelot.es\/index.php\/wp-json\/wp\/v2\/pages\/595\/revisions\/3986"}],"wp:attachment":[{"href":"https:\/\/ascamelot.es\/index.php\/wp-json\/wp\/v2\/media?parent=595"}],"curies":[{"name":"wp","href":"https:\/\/api.w.org\/{rel}","templated":true}]}}