{"id":230,"date":"2018-06-08T15:40:50","date_gmt":"2018-06-08T13:40:50","guid":{"rendered":"http:\/\/ascamelot.es\/?page_id=230"},"modified":"2022-10-11T11:55:02","modified_gmt":"2022-10-11T09:55:02","slug":"red","status":"publish","type":"page","link":"https:\/\/ascamelot.es\/index.php\/red\/","title":{"rendered":"Red"},"content":{"rendered":"\n<style type=\"text\/css\" data-created_by=\"avia_inline_auto\" id=\"style-css-av-vqn7i-b906d0a3f620e7c5f0da2ed3070e43da\">\n.flex_column.av-vqn7i-b906d0a3f620e7c5f0da2ed3070e43da{\n-webkit-border-radius:0px 0px 0px 0px;\n-moz-border-radius:0px 0px 0px 0px;\nborder-radius:0px 0px 0px 0px;\npadding:0px 0px 0px 0px;\n}\n<\/style>\n<div class='flex_column av-vqn7i-b906d0a3f620e7c5f0da2ed3070e43da av_one_full  avia-builder-el-0  el_before_av_one_full  avia-builder-el-first  first flex_column_div av-zero-column-padding '     ><section  class='av_textblock_section av-rbcn2-3f8ef39fd4da805ef30486287c67f911'  itemscope=\"itemscope\" itemtype=\"https:\/\/schema.org\/CreativeWork\" ><div class='avia_textblock'  itemprop=\"text\" ><h2>Red<\/h2>\n<p>Una vez cumplidos los <b>15 a\u00f1os<\/b>, los chicos y chicas comienzan su etapa en la <b>Red.<\/b><\/p>\n<p>Este es un momento crucial para las ideas, los interrogantes y las ambiciones.<\/p>\n<p>Los chicos y las chicas empiezan a perfilar su personalidad definitiva.<\/p>\n<p>El grupo cobra enorme importancia y se hacen hombres y mujeres activos.<br \/>\nElaboran sus propios proyectos, abiertos al servicio comunitario, se abren a la sociedad y afianzan su pertenencia y su responsabilidad ciudadana.<\/p>\n<p>Son ellos y ellas los verdaderos protagonistas de su futuro. Conciben la <b>\u201cEmpresa o Proyecto\u201d<\/b> desde la idea hasta la ejecuci\u00f3n, con la mera supervisi\u00f3n del educador adulto. Se responsabilizan, entre todos, de sus acciones y se impulsan en su propia motivaci\u00f3n.<\/p>\n<p>\u00a1Si conoceis de alguien interesado, hacedselo saber y que hable con nosotros!<\/p>\n<\/div><\/section><\/div>\n\n<style type=\"text\/css\" data-created_by=\"avia_inline_auto\" id=\"style-css-av-l90au-07c670b59e018b14a9abca87d776589c\">\n.flex_column.av-l90au-07c670b59e018b14a9abca87d776589c{\n-webkit-border-radius:0px 0px 0px 0px;\n-moz-border-radius:0px 0px 0px 0px;\nborder-radius:0px 0px 0px 0px;\npadding:0px 0px 0px 0px;\n}\n<\/style>\n<div class='flex_column av-l90au-07c670b59e018b14a9abca87d776589c av_one_full  avia-builder-el-2  el_after_av_one_full  avia-builder-el-last  first flex_column_div av-zero-column-padding column-top-margin'     ><p>\n<style type=\"text\/css\" data-created_by=\"avia_inline_auto\" id=\"style-css-av-g6xim-4d445589c7c5f1868d1454dedf9caff2\">\n.iconbox.av-g6xim-4d445589c7c5f1868d1454dedf9caff2 .iconbox_icon{\nbackground-color:#db9d3f;\nborder:1px solid #000000;\ncolor:#000000;\n}\n<\/style>\n<article  class='iconbox iconbox_left av-g6xim-4d445589c7c5f1868d1454dedf9caff2  avia-builder-el-3  el_before_av_gallery  avia-builder-el-first '  itemscope=\"itemscope\" itemtype=\"https:\/\/schema.org\/CreativeWork\" ><div class=\"iconbox_content\"><header class=\"entry-content-header\"><div class=\"iconbox_icon heading-color\" aria-hidden='true' data-av_icon='\ue80b' data-av_iconfont='entypo-fontello'><\/div><h3 class='iconbox_content_title '  itemprop=\"headline\" >Monitores<\/h3><\/header><div class='iconbox_content_container '  itemprop=\"text\" ><\/div><\/div><footer class=\"entry-footer\"><\/footer><\/article><br \/>\n\n<style type=\"text\/css\" data-created_by=\"avia_inline_auto\" id=\"style-css-av-71zp2-487f26b748795253d5bd43016f1d8ca4\">\n#top .avia-gallery.av-71zp2-487f26b748795253d5bd43016f1d8ca4 .avia-gallery-thumb a{\nwidth:25%;\n}\n<\/style>\n<div  class='avia-gallery av-71zp2-487f26b748795253d5bd43016f1d8ca4 avia_animate_when_visible  avia-builder-el-4  el_after_av_icon_box  avia-builder-el-last  avia_lazyload avia-gallery-animate avia-gallery-1'  itemprop=\"image\" itemscope=\"itemscope\" itemtype=\"https:\/\/schema.org\/ImageObject\" ><meta itemprop=\"contentURL\" content=\"https:\/\/ascamelot.es\/index.php\/red\/\"><div class='avia-gallery-thumb'><a href=\"https:\/\/ascamelot.es\/wp-content\/uploads\/2021\/10\/Jelen-1030x1030.jpeg\" data-srcset=\"https:\/\/ascamelot.es\/wp-content\/uploads\/2021\/10\/Jelen-1030x1030.jpeg 1030w, https:\/\/ascamelot.es\/wp-content\/uploads\/2021\/10\/Jelen-80x80.jpeg 80w, https:\/\/ascamelot.es\/wp-content\/uploads\/2021\/10\/Jelen-300x300.jpeg 300w, https:\/\/ascamelot.es\/wp-content\/uploads\/2021\/10\/Jelen-768x768.jpeg 768w, https:\/\/ascamelot.es\/wp-content\/uploads\/2021\/10\/Jelen-36x36.jpeg 36w, https:\/\/ascamelot.es\/wp-content\/uploads\/2021\/10\/Jelen-180x180.jpeg 180w, https:\/\/ascamelot.es\/wp-content\/uploads\/2021\/10\/Jelen-705x705.jpeg 705w, https:\/\/ascamelot.es\/wp-content\/uploads\/2021\/10\/Jelen-120x120.jpeg 120w, https:\/\/ascamelot.es\/wp-content\/uploads\/2021\/10\/Jelen-450x450.jpeg 450w, https:\/\/ascamelot.es\/wp-content\/uploads\/2021\/10\/Jelen.jpeg 1080w\" data-sizes=\"(max-width: 1030px) 100vw, 1030px\" data-rel='gallery-1' data-prev-img='https:\/\/ascamelot.es\/wp-content\/uploads\/2021\/10\/Jelen-495x400.jpeg' class='first_thumb avianolink noLightbox ' data-onclick='1' title='Jelen'  itemprop=\"thumbnailUrl\"  ><img class=\"wp-image-3389 avia-img-lazy-loading-not-3389\"   src=\"https:\/\/ascamelot.es\/wp-content\/uploads\/2021\/10\/Jelen-705x705.jpeg\" width=\"705\" height=\"705\"  title='Jelen' alt='' srcset=\"https:\/\/ascamelot.es\/wp-content\/uploads\/2021\/10\/Jelen-705x705.jpeg 705w, https:\/\/ascamelot.es\/wp-content\/uploads\/2021\/10\/Jelen-80x80.jpeg 80w, https:\/\/ascamelot.es\/wp-content\/uploads\/2021\/10\/Jelen-300x300.jpeg 300w, https:\/\/ascamelot.es\/wp-content\/uploads\/2021\/10\/Jelen-768x768.jpeg 768w, https:\/\/ascamelot.es\/wp-content\/uploads\/2021\/10\/Jelen-1030x1030.jpeg 1030w, https:\/\/ascamelot.es\/wp-content\/uploads\/2021\/10\/Jelen-36x36.jpeg 36w, https:\/\/ascamelot.es\/wp-content\/uploads\/2021\/10\/Jelen-180x180.jpeg 180w, https:\/\/ascamelot.es\/wp-content\/uploads\/2021\/10\/Jelen-120x120.jpeg 120w, https:\/\/ascamelot.es\/wp-content\/uploads\/2021\/10\/Jelen-450x450.jpeg 450w, https:\/\/ascamelot.es\/wp-content\/uploads\/2021\/10\/Jelen.jpeg 1080w\" sizes=\"(max-width: 705px) 100vw, 705px\" \/><div class='big-prev-fake'><img loading=\"lazy\" class=\"wp-image-3389 avia-img-lazy-loading-3389\"  width=\"495\" height=\"400\" src=\"https:\/\/ascamelot.es\/wp-content\/uploads\/2021\/10\/Jelen-495x400.jpeg\" title='Jelen' alt='' srcset=\"https:\/\/ascamelot.es\/wp-content\/uploads\/2021\/10\/Jelen-495x400.jpeg 495w, https:\/\/ascamelot.es\/wp-content\/uploads\/2021\/10\/Jelen-845x684.jpeg 845w\" sizes=\"(max-width: 495px) 100vw, 495px\" \/><\/div><\/a><a href=\"https:\/\/ascamelot.es\/wp-content\/uploads\/2022\/10\/Picsart_22-10-11_11-51-37-948-1030x1030.jpg\" data-srcset=\"https:\/\/ascamelot.es\/wp-content\/uploads\/2022\/10\/Picsart_22-10-11_11-51-37-948-1030x1030.jpg 1030w, https:\/\/ascamelot.es\/wp-content\/uploads\/2022\/10\/Picsart_22-10-11_11-51-37-948-300x300.jpg 300w, https:\/\/ascamelot.es\/wp-content\/uploads\/2022\/10\/Picsart_22-10-11_11-51-37-948-80x80.jpg 80w, https:\/\/ascamelot.es\/wp-content\/uploads\/2022\/10\/Picsart_22-10-11_11-51-37-948-768x768.jpg 768w, https:\/\/ascamelot.es\/wp-content\/uploads\/2022\/10\/Picsart_22-10-11_11-51-37-948-36x36.jpg 36w, https:\/\/ascamelot.es\/wp-content\/uploads\/2022\/10\/Picsart_22-10-11_11-51-37-948-180x180.jpg 180w, https:\/\/ascamelot.es\/wp-content\/uploads\/2022\/10\/Picsart_22-10-11_11-51-37-948-705x705.jpg 705w, https:\/\/ascamelot.es\/wp-content\/uploads\/2022\/10\/Picsart_22-10-11_11-51-37-948.jpg 1080w\" data-sizes=\"(max-width: 1030px) 100vw, 1030px\" data-rel='gallery-1' data-prev-img='https:\/\/ascamelot.es\/wp-content\/uploads\/2022\/10\/Picsart_22-10-11_11-51-37-948-495x400.jpg' class='avianolink noLightbox ' data-onclick='2' title='Jogi'  itemprop=\"thumbnailUrl\"  ><img class=\"wp-image-3648 avia-img-lazy-loading-not-3648\"   src=\"https:\/\/ascamelot.es\/wp-content\/uploads\/2022\/10\/Picsart_22-10-11_11-51-37-948-705x705.jpg\" width=\"705\" height=\"705\"  title='Jogi' alt='' srcset=\"https:\/\/ascamelot.es\/wp-content\/uploads\/2022\/10\/Picsart_22-10-11_11-51-37-948-705x705.jpg 705w, https:\/\/ascamelot.es\/wp-content\/uploads\/2022\/10\/Picsart_22-10-11_11-51-37-948-300x300.jpg 300w, https:\/\/ascamelot.es\/wp-content\/uploads\/2022\/10\/Picsart_22-10-11_11-51-37-948-1030x1030.jpg 1030w, https:\/\/ascamelot.es\/wp-content\/uploads\/2022\/10\/Picsart_22-10-11_11-51-37-948-80x80.jpg 80w, https:\/\/ascamelot.es\/wp-content\/uploads\/2022\/10\/Picsart_22-10-11_11-51-37-948-768x768.jpg 768w, https:\/\/ascamelot.es\/wp-content\/uploads\/2022\/10\/Picsart_22-10-11_11-51-37-948-36x36.jpg 36w, https:\/\/ascamelot.es\/wp-content\/uploads\/2022\/10\/Picsart_22-10-11_11-51-37-948-180x180.jpg 180w, https:\/\/ascamelot.es\/wp-content\/uploads\/2022\/10\/Picsart_22-10-11_11-51-37-948.jpg 1080w\" sizes=\"(max-width: 705px) 100vw, 705px\" \/><div class='big-prev-fake'><img loading=\"lazy\" class=\"wp-image-3648 avia-img-lazy-loading-3648\"  width=\"495\" height=\"400\" src=\"https:\/\/ascamelot.es\/wp-content\/uploads\/2022\/10\/Picsart_22-10-11_11-51-37-948-495x400.jpg\" title='Jogi' alt='' srcset=\"https:\/\/ascamelot.es\/wp-content\/uploads\/2022\/10\/Picsart_22-10-11_11-51-37-948-495x400.jpg 495w, https:\/\/ascamelot.es\/wp-content\/uploads\/2022\/10\/Picsart_22-10-11_11-51-37-948-845x684.jpg 845w\" sizes=\"(max-width: 495px) 100vw, 495px\" \/><\/div><\/a><\/div><\/div><\/p><\/div>\n","protected":false},"excerpt":{"rendered":"","protected":false},"author":1,"featured_media":0,"parent":0,"menu_order":0,"comment_status":"closed","ping_status":"closed","template":"","meta":{"_monsterinsights_skip_tracking":false,"_monsterinsights_sitenote_active":false,"_monsterinsights_sitenote_note":"","_monsterinsights_sitenote_category":0,"_mc_calendar":[]},"aioseo_notices":[],"_links":{"self":[{"href":"https:\/\/ascamelot.es\/index.php\/wp-json\/wp\/v2\/pages\/230"}],"collection":[{"href":"https:\/\/ascamelot.es\/index.php\/wp-json\/wp\/v2\/pages"}],"about":[{"href":"https:\/\/ascamelot.es\/index.php\/wp-json\/wp\/v2\/types\/page"}],"author":[{"embeddable":true,"href":"https:\/\/ascamelot.es\/index.php\/wp-json\/wp\/v2\/users\/1"}],"replies":[{"embeddable":true,"href":"https:\/\/ascamelot.es\/index.php\/wp-json\/wp\/v2\/comments?post=230"}],"version-history":[{"count":5,"href":"https:\/\/ascamelot.es\/index.php\/wp-json\/wp\/v2\/pages\/230\/revisions"}],"predecessor-version":[{"id":3649,"href":"https:\/\/ascamelot.es\/index.php\/wp-json\/wp\/v2\/pages\/230\/revisions\/3649"}],"wp:attachment":[{"href":"https:\/\/ascamelot.es\/index.php\/wp-json\/wp\/v2\/media?parent=230"}],"curies":[{"name":"wp","href":"https:\/\/api.w.org\/{rel}","templated":true}]}}