{"id":228,"date":"2018-06-08T15:40:50","date_gmt":"2018-06-08T13:40:50","guid":{"rendered":"http:\/\/ascamelot.es\/?page_id=228"},"modified":"2026-02-23T11:58:22","modified_gmt":"2026-02-23T10:58:22","slug":"manada","status":"publish","type":"page","link":"https:\/\/ascamelot.es\/index.php\/manada\/","title":{"rendered":"Manada"},"content":{"rendered":"\n<style type=\"text\/css\" data-created_by=\"avia_inline_auto\" id=\"style-css-av-uz8bo-a6bf59252e0186e628485458cd96e97c\">\n.flex_column.av-uz8bo-a6bf59252e0186e628485458cd96e97c{\n-webkit-border-radius:0px 0px 0px 0px;\n-moz-border-radius:0px 0px 0px 0px;\nborder-radius:0px 0px 0px 0px;\npadding:0px 0px 0px 0px;\n}\n<\/style>\n<div class='flex_column av-uz8bo-a6bf59252e0186e628485458cd96e97c av_one_full  avia-builder-el-0  el_before_av_one_full  avia-builder-el-first  first flex_column_div av-zero-column-padding '     ><section  class='av_textblock_section av-tjdt8-6bda7e8661d05964192bff0c7716cbd5'  itemscope=\"itemscope\" itemtype=\"https:\/\/schema.org\/CreativeWork\" ><div class='avia_textblock'  itemprop=\"text\" ><h1>Manada<\/h1>\n<div class=\"izq\">\n<p>Tras su paso por la Camada y al cumplir los\u00a0<b>9 a\u00f1os y hasta los 12<\/b>, ni\u00f1os y ni\u00f1as entran a formar parte de la Manada de Lobatos.<\/p>\n<p>En el marco simb\u00f3lico de\u00a0<b>\u201cEl Libro de las Tierras V\u00edrgenes\u201d<\/b>\u00a0de Rudyard Kipling, los lobatos y lobatas aprenden a crecer con la ayuda de sus \u201cViejos Lobos\u201d.<\/p>\n<\/div>\n<div class=\"completo\">En esta etapa los ni\u00f1os y ni\u00f1as aprenden a convivir en peque\u00f1os grupos de seis, llamados\u00a0<b>\u201cseisenas\u201d<\/b>, en las que se reparten responsabilidades y aprenden a trabajar juntos, desplegando sus h\u00e1bitos sociales y responsabiliz\u00e1ndose de su tarea.<\/div>\n<div><\/div>\n<div class=\"completo\">A\u00a0trav\u00e9s del juego como va adquiriendo tambi\u00e9n sus propios valores personales que le acompa\u00f1ar\u00e1n toda su vida.<br \/>\nA trav\u00e9s de talleres se inician en destrezas y habilidades, y a trav\u00e9s de excursiones y campamentos, a desenvolverse por s\u00ed mismos de manera cada vez m\u00e1s aut\u00f3noma.<\/div>\n<div><\/div>\n<div>Su compromiso es\u00a0<b>\u201cHaremos lo mejor\u201d<\/b>.<\/div>\n<\/div><\/section><\/div>\n\n<style type=\"text\/css\" data-created_by=\"avia_inline_auto\" id=\"style-css-av-232c4-47e739f882235a05d1b38f6e7aef2e5a\">\n.flex_column.av-232c4-47e739f882235a05d1b38f6e7aef2e5a{\n-webkit-border-radius:0px 0px 0px 0px;\n-moz-border-radius:0px 0px 0px 0px;\nborder-radius:0px 0px 0px 0px;\npadding:0px 0px 0px 0px;\n}\n<\/style>\n<div class='flex_column av-232c4-47e739f882235a05d1b38f6e7aef2e5a av_one_full  avia-builder-el-2  el_after_av_one_full  avia-builder-el-last  first flex_column_div av-zero-column-padding column-top-margin'     ><p>\n<style type=\"text\/css\" data-created_by=\"avia_inline_auto\" id=\"style-css-av-dgza4-691726038f7c4578a91bbc64e643614f\">\n.iconbox.av-dgza4-691726038f7c4578a91bbc64e643614f .iconbox_icon{\nbackground-color:#db9d3f;\nborder:1px solid #0a0a0a;\ncolor:#0a0204;\n}\n<\/style>\n<article  class='iconbox iconbox_left av-dgza4-691726038f7c4578a91bbc64e643614f  avia-builder-el-3  el_before_av_gallery  avia-builder-el-first '  itemscope=\"itemscope\" itemtype=\"https:\/\/schema.org\/CreativeWork\" ><div class=\"iconbox_content\"><header class=\"entry-content-header\"><div class=\"iconbox_icon heading-color\" aria-hidden='true' data-av_icon='\ue80b' data-av_iconfont='entypo-fontello'><\/div><h3 class='iconbox_content_title '  itemprop=\"headline\" >Monitores<\/h3><\/header><div class='iconbox_content_container '  itemprop=\"text\" ><\/div><\/div><footer class=\"entry-footer\"><\/footer><\/article><br \/>\n\n<style type=\"text\/css\" data-created_by=\"avia_inline_auto\" id=\"style-css-av-apnnw-383489d725e4a0cb07f49ac809071ea5\">\n#top .avia-gallery.av-apnnw-383489d725e4a0cb07f49ac809071ea5 .avia-gallery-thumb a{\nwidth:25%;\n}\n<\/style>\n<div  class='avia-gallery av-apnnw-383489d725e4a0cb07f49ac809071ea5 avia_animate_when_visible  avia-builder-el-4  el_after_av_icon_box  avia-builder-el-last  avia_lazyload avia-gallery-animate avia-gallery-1'  itemprop=\"image\" itemscope=\"itemscope\" itemtype=\"https:\/\/schema.org\/ImageObject\" ><meta itemprop=\"contentURL\" content=\"https:\/\/ascamelot.es\/index.php\/manada\/\"><div class='avia-gallery-thumb'><a href=\"https:\/\/ascamelot.es\/wp-content\/uploads\/2026\/02\/ka-la.jpg\" data-srcset=\"https:\/\/ascamelot.es\/wp-content\/uploads\/2026\/02\/ka-la.jpg 715w, https:\/\/ascamelot.es\/wp-content\/uploads\/2026\/02\/ka-la-268x300.jpg 268w, https:\/\/ascamelot.es\/wp-content\/uploads\/2026\/02\/ka-la-630x705.jpg 630w\" data-sizes=\"(max-width: 715px) 100vw, 715px\" data-rel='gallery-1' data-prev-img='https:\/\/ascamelot.es\/wp-content\/uploads\/2026\/02\/ka-la-495x400.jpg' class='first_thumb avianolink noLightbox ' data-onclick='1' title='ka la'  itemprop=\"thumbnailUrl\"  ><img class=\"wp-image-3983 avia-img-lazy-loading-not-3983\"   src=\"https:\/\/ascamelot.es\/wp-content\/uploads\/2026\/02\/ka-la-630x705.jpg\" width=\"630\" height=\"705\"  title='ka la' alt='' srcset=\"https:\/\/ascamelot.es\/wp-content\/uploads\/2026\/02\/ka-la-630x705.jpg 630w, https:\/\/ascamelot.es\/wp-content\/uploads\/2026\/02\/ka-la-268x300.jpg 268w, https:\/\/ascamelot.es\/wp-content\/uploads\/2026\/02\/ka-la.jpg 715w\" sizes=\"(max-width: 630px) 100vw, 630px\" \/><div class='big-prev-fake'><img loading=\"lazy\" class=\"wp-image-3983 avia-img-lazy-loading-3983\"  width=\"495\" height=\"400\" src=\"https:\/\/ascamelot.es\/wp-content\/uploads\/2026\/02\/ka-la-495x400.jpg\" title='ka la' alt='' \/><\/div><\/a><a href=\"https:\/\/ascamelot.es\/wp-content\/uploads\/2026\/02\/ce-lia.jpg\" data-srcset=\"https:\/\/ascamelot.es\/wp-content\/uploads\/2026\/02\/ce-lia.jpg 715w, https:\/\/ascamelot.es\/wp-content\/uploads\/2026\/02\/ce-lia-268x300.jpg 268w, https:\/\/ascamelot.es\/wp-content\/uploads\/2026\/02\/ce-lia-630x705.jpg 630w\" data-sizes=\"(max-width: 715px) 100vw, 715px\" data-rel='gallery-1' data-prev-img='https:\/\/ascamelot.es\/wp-content\/uploads\/2026\/02\/ce-lia-495x400.jpg' class='avianolink noLightbox ' data-onclick='2' title='ce lia'  itemprop=\"thumbnailUrl\"  ><img class=\"wp-image-3982 avia-img-lazy-loading-not-3982\"   src=\"https:\/\/ascamelot.es\/wp-content\/uploads\/2026\/02\/ce-lia-630x705.jpg\" width=\"630\" height=\"705\"  title='ce lia' alt='' srcset=\"https:\/\/ascamelot.es\/wp-content\/uploads\/2026\/02\/ce-lia-630x705.jpg 630w, https:\/\/ascamelot.es\/wp-content\/uploads\/2026\/02\/ce-lia-268x300.jpg 268w, https:\/\/ascamelot.es\/wp-content\/uploads\/2026\/02\/ce-lia.jpg 715w\" sizes=\"(max-width: 630px) 100vw, 630px\" \/><div class='big-prev-fake'><img loading=\"lazy\" class=\"wp-image-3982 avia-img-lazy-loading-3982\"  width=\"495\" height=\"400\" src=\"https:\/\/ascamelot.es\/wp-content\/uploads\/2026\/02\/ce-lia-495x400.jpg\" title='ce lia' alt='' \/><\/div><\/a><\/div><\/div><\/p><\/div>\n","protected":false},"excerpt":{"rendered":"","protected":false},"author":1,"featured_media":0,"parent":0,"menu_order":0,"comment_status":"closed","ping_status":"closed","template":"","meta":{"_monsterinsights_skip_tracking":false,"_monsterinsights_sitenote_active":false,"_monsterinsights_sitenote_note":"","_monsterinsights_sitenote_category":0,"_mc_calendar":[]},"aioseo_notices":[],"_links":{"self":[{"href":"https:\/\/ascamelot.es\/index.php\/wp-json\/wp\/v2\/pages\/228"}],"collection":[{"href":"https:\/\/ascamelot.es\/index.php\/wp-json\/wp\/v2\/pages"}],"about":[{"href":"https:\/\/ascamelot.es\/index.php\/wp-json\/wp\/v2\/types\/page"}],"author":[{"embeddable":true,"href":"https:\/\/ascamelot.es\/index.php\/wp-json\/wp\/v2\/users\/1"}],"replies":[{"embeddable":true,"href":"https:\/\/ascamelot.es\/index.php\/wp-json\/wp\/v2\/comments?post=228"}],"version-history":[{"count":9,"href":"https:\/\/ascamelot.es\/index.php\/wp-json\/wp\/v2\/pages\/228\/revisions"}],"predecessor-version":[{"id":3987,"href":"https:\/\/ascamelot.es\/index.php\/wp-json\/wp\/v2\/pages\/228\/revisions\/3987"}],"wp:attachment":[{"href":"https:\/\/ascamelot.es\/index.php\/wp-json\/wp\/v2\/media?parent=228"}],"curies":[{"name":"wp","href":"https:\/\/api.w.org\/{rel}","templated":true}]}}