{"id":158,"date":"2018-06-07T17:54:27","date_gmt":"2018-06-07T15:54:27","guid":{"rendered":"http:\/\/ascamelot.es\/?page_id=158"},"modified":"2022-10-20T10:45:36","modified_gmt":"2022-10-20T08:45:36","slug":"documentos","status":"publish","type":"page","link":"https:\/\/ascamelot.es\/index.php\/documentos\/","title":{"rendered":"Documentos"},"content":{"rendered":"\n<style type=\"text\/css\" data-created_by=\"avia_inline_auto\" id=\"style-css-av-2krbee-e4ecd81fc89265955f08cb4a73814c1f\">\n.iconbox.av-2krbee-e4ecd81fc89265955f08cb4a73814c1f .iconbox_icon{\nbackground-color:#e09641;\ncolor:#0a0a0a;\n}\n#top #wrap_all .iconbox.av-2krbee-e4ecd81fc89265955f08cb4a73814c1f .iconbox_content_title{\ncolor:#cc6f12;\n}\n<\/style>\n<article  class='iconbox iconbox_left av-2krbee-e4ecd81fc89265955f08cb4a73814c1f  avia-builder-el-0  el_before_av_textblock  avia-builder-el-first '  itemscope=\"itemscope\" itemtype=\"https:\/\/schema.org\/CreativeWork\" ><div class=\"iconbox_content\"><header class=\"entry-content-header\"><div class=\"iconbox_icon heading-color\" aria-hidden='true' data-av_icon='\ue81f' data-av_iconfont='entypo-fontello'><\/div><h3 class='iconbox_content_title '  itemprop=\"headline\" >\u00a1Atenci\u00f3n! La opci\u00f3n de descarga puede dar error desde el m\u00f3vil<\/h3><\/header><div class='iconbox_content_container '  itemprop=\"text\" ><\/div><\/div><footer class=\"entry-footer\"><\/footer><\/article>\n<section  class='av_textblock_section av-2ghgti-c578b066aedcf5435e966bf9f017dac8'  itemscope=\"itemscope\" itemtype=\"https:\/\/schema.org\/CreativeWork\" ><div class='avia_textblock'  itemprop=\"text\" ><h4><span style=\"color: #000000;\"><strong>A continuaci\u00f3n os podr\u00e9is descargar los documentos actualizados necesarios que ten\u00e9is que rellenar para esta ronda 2022-2023<\/strong><\/span><\/h4>\n<\/div><\/section>\n\n<style type=\"text\/css\" data-created_by=\"avia_inline_auto\" id=\"style-css-av-291p5q-e0ce0e85a232f1af9f6b1ef67001b7c4\">\n#top .hr.hr-invisible.av-291p5q-e0ce0e85a232f1af9f6b1ef67001b7c4{\nheight:10px;\n}\n<\/style>\n<div  class='hr av-291p5q-e0ce0e85a232f1af9f6b1ef67001b7c4 hr-invisible  avia-builder-el-2  el_after_av_textblock  el_before_av_one_half '><span class='hr-inner '><span class=\"hr-inner-style\"><\/span><\/span><\/div>\n\n<style type=\"text\/css\" data-created_by=\"avia_inline_auto\" id=\"style-css-av-23h60u-e7f6fe4d80d758b850401165b636c66f\">\n.flex_column.av-23h60u-e7f6fe4d80d758b850401165b636c66f{\n-webkit-border-radius:0px 0px 0px 0px;\n-moz-border-radius:0px 0px 0px 0px;\nborder-radius:0px 0px 0px 0px;\npadding:0px 0px 0px 0px;\n}\n<\/style>\n<div class='flex_column av-23h60u-e7f6fe4d80d758b850401165b636c66f av_one_half  avia-builder-el-3  el_after_av_hr  el_before_av_one_half  first flex_column_div av-zero-column-padding '     ><p><div  class='avia-button-wrap av-1whily-d96edf783750a63da406acd93f820ab0-wrap avia-button-center  avia-builder-el-4  el_before_av_hr  avia-builder-el-first ' ><a href='http:\/\/ascamelot.es\/wp-content\/uploads\/2022\/10\/1.-Autorizacion-para-la-ronda.docx'  class='avia-button av-1whily-d96edf783750a63da406acd93f820ab0 avia-icon_select-yes-left-icon avia-size-small avia-position-center av-icon-on-hover avia-color-theme-color'  target=\"_blank\"  rel=\"noopener noreferrer\"><span class='avia_button_icon avia_button_icon_left' aria-hidden='true' data-av_icon='\ue87f' data-av_iconfont='entypo-fontello'><\/span><span class='avia_iconbox_title' >Autorizaci\u00f3n para la Ronda<\/span><\/a><\/div><br \/>\n\n<style type=\"text\/css\" data-created_by=\"avia_inline_auto\" id=\"style-css-av-65plq-84c1afcadbdc667280d812a22ca3f0f8\">\n#top .hr.hr-invisible.av-65plq-84c1afcadbdc667280d812a22ca3f0f8{\nheight:10px;\n}\n<\/style>\n<div  class='hr av-65plq-84c1afcadbdc667280d812a22ca3f0f8 hr-invisible  avia-builder-el-5  el_after_av_button  el_before_av_button '><span class='hr-inner '><span class=\"hr-inner-style\"><\/span><\/span><\/div><br \/>\n<div  class='avia-button-wrap av-1k5eye-9baceee9c2881c1df34160fc3fca0994-wrap avia-button-center  avia-builder-el-6  el_after_av_hr  el_before_av_hr ' ><a href='http:\/\/ascamelot.es\/wp-content\/uploads\/2022\/10\/4.-Ficha-sanitaria.doc'  class='avia-button av-1k5eye-9baceee9c2881c1df34160fc3fca0994 avia-icon_select-yes-left-icon avia-size-small avia-position-center av-icon-on-hover avia-color-theme-color'  target=\"_blank\"  rel=\"noopener noreferrer\"><span class='avia_button_icon avia_button_icon_left' aria-hidden='true' data-av_icon='\ue87f' data-av_iconfont='entypo-fontello'><\/span><span class='avia_iconbox_title' >Ficha sanitaria<\/span><\/a><\/div><br \/>\n\n<style type=\"text\/css\" data-created_by=\"avia_inline_auto\" id=\"style-css-av-1epu26-bedb91450b30ef530f312c0b8c181a2e\">\n#top .hr.hr-invisible.av-1epu26-bedb91450b30ef530f312c0b8c181a2e{\nheight:10px;\n}\n<\/style>\n<div  class='hr av-1epu26-bedb91450b30ef530f312c0b8c181a2e hr-invisible  avia-builder-el-7  el_after_av_button  el_before_av_button '><span class='hr-inner '><span class=\"hr-inner-style\"><\/span><\/span><\/div><br \/>\n<div  class='avia-button-wrap av-19kjja-62172870afbbd5646b6cfbc12f3c3139-wrap avia-button-center  avia-builder-el-8  el_after_av_hr  el_before_av_hr ' ><a href='http:\/\/ascamelot.es\/wp-content\/uploads\/2022\/10\/2.-Consentimiento-explicito-de-gestion-de-datos.docx'  class='avia-button av-19kjja-62172870afbbd5646b6cfbc12f3c3139 avia-icon_select-yes-left-icon avia-size-small avia-position-center av-icon-on-hover avia-color-theme-color'  target=\"_blank\"  rel=\"noopener noreferrer\"><span class='avia_button_icon avia_button_icon_left' aria-hidden='true' data-av_icon='\ue87f' data-av_iconfont='entypo-fontello'><\/span><span class='avia_iconbox_title' >Consentimiento expl\u00edcito de gesti\u00f3n de datos<\/span><\/a><\/div><br \/>\n\n<style type=\"text\/css\" data-created_by=\"avia_inline_auto\" id=\"style-css-av-14amce-36f87378b5489ab7f65b7e64f8bc06c0\">\n#top .hr.hr-invisible.av-14amce-36f87378b5489ab7f65b7e64f8bc06c0{\nheight:10px;\n}\n<\/style>\n<div  class='hr av-14amce-36f87378b5489ab7f65b7e64f8bc06c0 hr-invisible  avia-builder-el-9  el_after_av_button  el_before_av_button '><span class='hr-inner '><span class=\"hr-inner-style\"><\/span><\/span><\/div><br \/>\n<div  class='avia-button-wrap av-3cjmm-b0826b47a3fb64dc95b72573778f5e97-wrap avia-button-center  avia-builder-el-10  el_after_av_hr  el_before_av_hr ' ><a href='http:\/\/ascamelot.es\/wp-content\/uploads\/2022\/10\/3.-Consentimiento-para-la-publicacion-de-imagenes.docx'  class='avia-button av-3cjmm-b0826b47a3fb64dc95b72573778f5e97 avia-icon_select-yes-left-icon avia-size-small avia-position-center av-icon-on-hover avia-color-theme-color'  target=\"_blank\"  rel=\"noopener noreferrer\"><span class='avia_button_icon avia_button_icon_left' aria-hidden='true' data-av_icon='\ue87f' data-av_iconfont='entypo-fontello'><\/span><span class='avia_iconbox_title' >Consentimiento para la publicaci\u00f3n de im\u00e1genes<\/span><\/a><\/div><br \/>\n\n<style type=\"text\/css\" data-created_by=\"avia_inline_auto\" id=\"style-css-av-13fvi-383efa9749e1f9305840f787f7e366bf\">\n#top .hr.hr-invisible.av-13fvi-383efa9749e1f9305840f787f7e366bf{\nheight:10px;\n}\n<\/style>\n<div  class='hr av-13fvi-383efa9749e1f9305840f787f7e366bf hr-invisible  avia-builder-el-11  el_after_av_button  el_before_av_button '><span class='hr-inner '><span class=\"hr-inner-style\"><\/span><\/span><\/div><br \/>\n<div  class='avia-button-wrap av-l9gtcran-f6455cde58c6b3c3d5fe803dd7de2db3-wrap avia-button-center  avia-builder-el-12  el_after_av_hr  avia-builder-el-last ' ><a href='http:\/\/ascamelot.es\/wp-content\/uploads\/2022\/10\/5.-Requisitos-participacion-en-actividades.docx'  class='avia-button av-l9gtcran-f6455cde58c6b3c3d5fe803dd7de2db3 avia-icon_select-yes-left-icon avia-size-small avia-position-center av-icon-on-hover avia-color-theme-color'  target=\"_blank\"  rel=\"noopener noreferrer\"><span class='avia_button_icon avia_button_icon_left' aria-hidden='true' data-av_icon='\ue87f' data-av_iconfont='entypo-fontello'><\/span><span class='avia_iconbox_title' >Requisitos para participaci\u00f3n en actividades<\/span><\/a><\/div><\/p><\/div>\n<style type=\"text\/css\" data-created_by=\"avia_inline_auto\" id=\"style-css-av-qf4v2-e4c392f4270be95ffd4fbcdcd2ac7ad4\">\n.flex_column.av-qf4v2-e4c392f4270be95ffd4fbcdcd2ac7ad4{\n-webkit-border-radius:0px 0px 0px 0px;\n-moz-border-radius:0px 0px 0px 0px;\nborder-radius:0px 0px 0px 0px;\npadding:0px 0px 0px 0px;\n}\n<\/style>\n<div class='flex_column av-qf4v2-e4c392f4270be95ffd4fbcdcd2ac7ad4 av_one_half  avia-builder-el-13  el_after_av_one_half  el_before_av_one_full  flex_column_div av-zero-column-padding '     ><style type=\"text\/css\" data-created_by=\"avia_inline_auto\" id=\"style-css-av-luzwu-8f586a54a5c2ba581070d01047503e39\">\n.avia-image-container.av-luzwu-8f586a54a5c2ba581070d01047503e39 img.avia_image{\nbox-shadow:none;\n}\n.avia-image-container.av-luzwu-8f586a54a5c2ba581070d01047503e39 .av-image-caption-overlay-center{\ncolor:#ffffff;\n}\n<\/style>\n<div  class='avia-image-container av-luzwu-8f586a54a5c2ba581070d01047503e39 av-styling- avia-align-center  avia-builder-el-14  avia-builder-el-no-sibling '   itemprop=\"image\" itemscope=\"itemscope\" itemtype=\"https:\/\/schema.org\/ImageObject\" ><div class=\"avia-image-container-inner\"><div class=\"avia-image-overlay-wrap\"><img class='wp-image-3431 avia-img-lazy-loading-not-3431 avia_image ' src=\"https:\/\/ascamelot.es\/wp-content\/uploads\/2021\/10\/save-files-300x190.png\" alt='' title=''  height=\"190\" width=\"300\"  itemprop=\"thumbnailUrl\" srcset=\"https:\/\/ascamelot.es\/wp-content\/uploads\/2021\/10\/save-files-300x190.png 300w, https:\/\/ascamelot.es\/wp-content\/uploads\/2021\/10\/save-files-768x485.png 768w, https:\/\/ascamelot.es\/wp-content\/uploads\/2021\/10\/save-files-705x446.png 705w, https:\/\/ascamelot.es\/wp-content\/uploads\/2021\/10\/save-files-450x284.png 450w, https:\/\/ascamelot.es\/wp-content\/uploads\/2021\/10\/save-files.png 788w\" sizes=\"(max-width: 300px) 100vw, 300px\" \/><\/div><\/div><\/div><\/div>\n\n<style type=\"text\/css\" data-created_by=\"avia_inline_auto\" id=\"style-css-av-gtxe6-b7bf704fed785b2db4bd3a7b40ef3e1a\">\n.flex_column.av-gtxe6-b7bf704fed785b2db4bd3a7b40ef3e1a{\n-webkit-border-radius:0px 0px 0px 0px;\n-moz-border-radius:0px 0px 0px 0px;\nborder-radius:0px 0px 0px 0px;\npadding:0px 0px 0px 0px;\n}\n<\/style>\n<div class='flex_column av-gtxe6-b7bf704fed785b2db4bd3a7b40ef3e1a av_one_full  avia-builder-el-15  el_after_av_one_half  el_before_av_textblock  first flex_column_div av-zero-column-padding column-top-margin'     ><\/div>\n<section  class='av_textblock_section av-8zlta-718fdfee736fc270d74f909ee1c96bc2'  itemscope=\"itemscope\" itemtype=\"https:\/\/schema.org\/CreativeWork\" ><div class='avia_textblock'  itemprop=\"text\" ><h6>PODR\u00c9IS ENTREGARNOS ESTOS DOCUMENTOS POR CORREO ELECTR\u00d3NICO (ascamelot@gmail.com)<\/h6>\n<\/div><\/section>\n","protected":false},"excerpt":{"rendered":"","protected":false},"author":1,"featured_media":0,"parent":0,"menu_order":0,"comment_status":"closed","ping_status":"closed","template":"","meta":{"_monsterinsights_skip_tracking":false,"_monsterinsights_sitenote_active":false,"_monsterinsights_sitenote_note":"","_monsterinsights_sitenote_category":0,"_mc_calendar":[]},"aioseo_notices":[],"_links":{"self":[{"href":"https:\/\/ascamelot.es\/index.php\/wp-json\/wp\/v2\/pages\/158"}],"collection":[{"href":"https:\/\/ascamelot.es\/index.php\/wp-json\/wp\/v2\/pages"}],"about":[{"href":"https:\/\/ascamelot.es\/index.php\/wp-json\/wp\/v2\/types\/page"}],"author":[{"embeddable":true,"href":"https:\/\/ascamelot.es\/index.php\/wp-json\/wp\/v2\/users\/1"}],"replies":[{"embeddable":true,"href":"https:\/\/ascamelot.es\/index.php\/wp-json\/wp\/v2\/comments?post=158"}],"version-history":[{"count":38,"href":"https:\/\/ascamelot.es\/index.php\/wp-json\/wp\/v2\/pages\/158\/revisions"}],"predecessor-version":[{"id":3662,"href":"https:\/\/ascamelot.es\/index.php\/wp-json\/wp\/v2\/pages\/158\/revisions\/3662"}],"wp:attachment":[{"href":"https:\/\/ascamelot.es\/index.php\/wp-json\/wp\/v2\/media?parent=158"}],"curies":[{"name":"wp","href":"https:\/\/api.w.org\/{rel}","templated":true}]}}