{"id":14,"date":"2018-05-24T11:05:12","date_gmt":"2018-05-24T09:05:12","guid":{"rendered":"http:\/\/ascamelot.es\/wp\/?page_id=14"},"modified":"2026-03-02T20:42:43","modified_gmt":"2026-03-02T19:42:43","slug":"quienes-somos","status":"publish","type":"page","link":"https:\/\/ascamelot.es\/","title":{"rendered":"\u00bfQuienes somos?"},"content":{"rendered":"<div   class='avia-fullscreen-slider main_color   avia-builder-el-0  el_before_av_heading  avia-builder-el-first  container_wrap fullsize'  ><div  class='avia-slideshow av-mm9kxt0t-3cefd94999f8ec2a9c8bb685b5252705 avia-slideshow-extra_large av_fullscreen avia-slide-slider av-slideshow-ui av-control-default av-slideshow-manual av-loop-once av-loop-manual-endless av-default-height-applied   avia-slideshow-1' data-slideshow-options=\"{&quot;animation&quot;:&quot;slide&quot;,&quot;autoplay&quot;:false,&quot;loop_autoplay&quot;:&quot;once&quot;,&quot;interval&quot;:5,&quot;loop_manual&quot;:&quot;manual-endless&quot;,&quot;autoplay_stopper&quot;:false,&quot;noNavigation&quot;:false,&quot;bg_slider&quot;:true,&quot;keep_padding&quot;:false,&quot;hoverpause&quot;:false,&quot;show_slide_delay&quot;:0,&quot;slide_height&quot;:&quot;100&quot;,&quot;image_attachment&quot;:&quot;&quot;}\"  itemprop=\"image\" itemscope=\"itemscope\" itemtype=\"https:\/\/schema.org\/ImageObject\" ><ul class='avia-slideshow-inner ' style='padding-bottom: 133,33333333333%;'><li style='background-position:center center;' data-img-url='https:\/\/ascamelot.es\/wp-content\/uploads\/2021\/11\/WhatsApp-Image-2021-11-07-at-17.55.50-1125x1500.jpeg' class='avia-slideshow-slide av-mm9kxt0t-3cefd94999f8ec2a9c8bb685b5252705__0  av-single-slide slide-1 slide-odd'><div data-rel='slideshow-1' class='avia-slide-wrap '   ><\/div><\/li><\/ul><\/div><\/div><div id='after_full_slider_1'  class='main_color av_default_container_wrap container_wrap fullsize'  ><div class='container av-section-cont-open' ><div class='template-page content  av-content-full alpha units'><div class='post-entry post-entry-type-page post-entry-14'><div class='entry-content-wrapper clearfix'>\n\n<style type=\"text\/css\" data-created_by=\"avia_inline_auto\" id=\"style-css-av-mm9ky69o-c2b58b7875d5601fdb7c6440e38d2eea\">\n#top .av-special-heading.av-mm9ky69o-c2b58b7875d5601fdb7c6440e38d2eea{\npadding-bottom:10px;\n}\nbody .av-special-heading.av-mm9ky69o-c2b58b7875d5601fdb7c6440e38d2eea .av-special-heading-tag .heading-char{\nfont-size:25px;\n}\n.av-special-heading.av-mm9ky69o-c2b58b7875d5601fdb7c6440e38d2eea .av-subheading{\nfont-size:15px;\n}\n<\/style>\n<div  class='av-special-heading av-mm9ky69o-c2b58b7875d5601fdb7c6440e38d2eea av-special-heading-h3  avia-builder-el-1  el_after_av_fullscreen  el_before_av_one_full  avia-builder-el-first '><h3 class='av-special-heading-tag'  itemprop=\"headline\"  >\u00bfQuienes somos?<\/h3><div class=\"special-heading-border\"><div class=\"special-heading-inner-border\"><\/div><\/div><\/div>\n\n<style type=\"text\/css\" data-created_by=\"avia_inline_auto\" id=\"style-css-av-9yt2-b582d3f66aee800b74655e1505d26da9\">\n@-webkit-keyframes av_boxShadowEffect_av-9yt2-b582d3f66aee800b74655e1505d26da9-column {\n0%   { box-shadow:  0 0 0 0 ; opacity: 1; }\n100% { box-shadow:  0 0 10px 0 ; opacity: 1; }\n}\n@keyframes av_boxShadowEffect_av-9yt2-b582d3f66aee800b74655e1505d26da9-column {\n0%   { box-shadow:  0 0 0 0 ; opacity: 1; }\n100% { box-shadow:  0 0 10px 0 ; opacity: 1; }\n}\n.flex_column.av-9yt2-b582d3f66aee800b74655e1505d26da9{\n-webkit-border-radius:0px 0px 0px 0px;\n-moz-border-radius:0px 0px 0px 0px;\nborder-radius:0px 0px 0px 0px;\npadding:0px 0px 0px 0px;\n}\n<\/style>\n<div class='flex_column av-9yt2-b582d3f66aee800b74655e1505d26da9 av_one_full  avia-builder-el-2  el_after_av_heading  el_before_av_image  first flex_column_div av-zero-column-padding '     ><style type=\"text\/css\" data-created_by=\"avia_inline_auto\" id=\"style-css-av-2c032-bd8c680fdf991e041183392e51dfe16c\">\n#top .av_textblock_section.av-2c032-bd8c680fdf991e041183392e51dfe16c .avia_textblock{\nfont-size:15px;\n}\n<\/style>\n<section  class='av_textblock_section av-2c032-bd8c680fdf991e041183392e51dfe16c'  itemscope=\"itemscope\" itemtype=\"https:\/\/schema.org\/CreativeWork\" ><div class='avia_textblock'  itemprop=\"text\" ><div class=\"izq\">\n<p>Somos una\u00a0<b>Asociaci\u00f3n Scout<\/b>\u00a0cuya principal finalidad es\u00a0<b>educar en el tiempo libre.<\/b><\/p>\n<p>Nacemos para desarollar nuestras actividades en el municipio de Pozuelo de Alarc\u00f3n reuni\u00e9ndose los\u00a0<b>s\u00e1bados por la tarde<\/b>, y organizando adem\u00e1s otra serie de actividades en otros horarios y lugares, como\u00a0<b>campamentos, salidas y\/o acampadas de fin de semana, etc.<\/b><\/p>\n<p>El escultismo es una filosof\u00eda de vida en la que se ense\u00f1a el respeto por la naturaleza, la tolerancia, la igualdad, el compa\u00f1erismo, la actividad f\u00edsica y la capacidad de superar adversidades e incomodidades.<\/p>\n<p>La metodolog\u00eda scout se basa en la educaci\u00f3n en unos valores y en el compromiso con ellos. Se adapta a las distintas edades de los educandos aunque la esencia es la misma en todas.<\/p>\n<\/div>\n<div class=\"completo\">\n<p>La propuesta educativa expresa el ideal de persona a que se aspira a trav\u00e9s de todo el proceso formativo.\u00a0<b><i>Una persona\u2026<\/i><\/b><\/p>\n<p><center><i>&#8230; comprometida con su escala de valores y que da testimonio de ellos.<br \/>\n&#8230; comprometida con la sociedad y respetuosa con las dem\u00e1s culturas<br \/>\n&#8230; libre y responsable, capaz de tomar decisiones \u00e9ticas.<br \/>\n&#8230; con capacidad de reflexi\u00f3n e interiorizar.<br \/>\n&#8230; capaz de ver m\u00e1s all\u00e1 de sus intereses particulares y de cooperar por el bien com\u00fan.<br \/>\n&#8230; capaz de reconocer y utilizar sus capacidades para alcanzar las metas que se plantea.<br \/>\n&#8230; deseosa de crecer y capaz de animar el cambio a su alrededor.<\/i><\/p>\n<p><\/center><center><\/center>El escultismo busca: el desarrollo integral de la persona desde la infancia y la juventud a trav\u00e9s del m\u00e9todo scout con el compromiso de ser \u00fatiles a la sociedad en la que viven y cr\u00edticos con su entorno.<\/p>\n<p>Somos una entidad privada, sin \u00e1nimo de lucro, e independiente de toda influencia pol\u00edtica y\/o religiosa.<\/p>\n<\/div>\n<\/div><\/section><\/div>\n\n<style type=\"text\/css\" data-created_by=\"avia_inline_auto\" id=\"style-css-av-l88gfitb-b6139f674954bb4f70ea0b0eeb483690\">\n.avia-image-container.av-l88gfitb-b6139f674954bb4f70ea0b0eeb483690 img.avia_image{\nbox-shadow:none;\n}\n.avia-image-container.av-l88gfitb-b6139f674954bb4f70ea0b0eeb483690 .av-image-caption-overlay-center{\ncolor:#ffffff;\n}\n<\/style>\n<div  class='avia-image-container av-l88gfitb-b6139f674954bb4f70ea0b0eeb483690 av-styling- avia-align-center  avia-builder-el-4  el_after_av_one_full  el_before_av_one_third '   itemprop=\"image\" itemscope=\"itemscope\" itemtype=\"https:\/\/schema.org\/ImageObject\" ><div class=\"avia-image-container-inner\"><div class=\"avia-image-overlay-wrap\"><img class='wp-image-3627 avia-img-lazy-loading-not-3627 avia_image ' src=\"https:\/\/ascamelot.es\/wp-content\/uploads\/2022\/09\/IMG_20220919_093855.png\" alt='' title='IMG_20220919_093855'  height=\"862\" width=\"1700\"  itemprop=\"thumbnailUrl\" srcset=\"https:\/\/ascamelot.es\/wp-content\/uploads\/2022\/09\/IMG_20220919_093855.png 1700w, https:\/\/ascamelot.es\/wp-content\/uploads\/2022\/09\/IMG_20220919_093855-300x152.png 300w, https:\/\/ascamelot.es\/wp-content\/uploads\/2022\/09\/IMG_20220919_093855-1030x522.png 1030w, https:\/\/ascamelot.es\/wp-content\/uploads\/2022\/09\/IMG_20220919_093855-768x389.png 768w, https:\/\/ascamelot.es\/wp-content\/uploads\/2022\/09\/IMG_20220919_093855-1536x779.png 1536w, https:\/\/ascamelot.es\/wp-content\/uploads\/2022\/09\/IMG_20220919_093855-1500x761.png 1500w, https:\/\/ascamelot.es\/wp-content\/uploads\/2022\/09\/IMG_20220919_093855-705x357.png 705w\" sizes=\"(max-width: 1700px) 100vw, 1700px\" \/><\/div><\/div><\/div>\n<div class='flex_column av-2haaa-b156c11c80fb90e3ce9b48d703b225ba av_one_third  avia-builder-el-5  el_after_av_image  el_before_av_one_third  first flex_column_div '     ><style type=\"text\/css\" data-created_by=\"avia_inline_auto\" id=\"style-css-av-l7ucdy5b-09588aa6668b00c9a870eab0d7529f98\">\n.iconbox.av-l7ucdy5b-09588aa6668b00c9a870eab0d7529f98 .iconbox_icon{\nbackground-color:#edaf44;\ncolor:#ffffff;\n}\n#top #wrap_all .iconbox.av-l7ucdy5b-09588aa6668b00c9a870eab0d7529f98 .iconbox_content_title{\nfont-size:18px;\n}\n<\/style>\n<article  class='iconbox iconbox_left_content av-l7ucdy5b-09588aa6668b00c9a870eab0d7529f98  avia-builder-el-6  avia-builder-el-no-sibling '  itemscope=\"itemscope\" itemtype=\"https:\/\/schema.org\/CreativeWork\" ><div class=\"iconbox_icon heading-color\" aria-hidden='true' data-av_icon='\ue805' data-av_iconfont='entypo-fontello'><\/div><div class=\"iconbox_content\"><header class=\"entry-content-header\"><h3 class='iconbox_content_title '  itemprop=\"headline\" >Cont\u00e1ctanos<\/h3><\/header><div class='iconbox_content_container '  itemprop=\"text\" ><p style=\"text-align: left;\">No te quedes con dudas, para cualquier pregunta, m\u00e1ndanos un mail<\/p>\n<\/div><\/div><footer class=\"entry-footer\"><\/footer><\/article><\/div>\n<div class='flex_column av-1g462-dc2c5b9706be8e3ab5847e3060c74944 av_one_third  avia-builder-el-7  el_after_av_one_third  el_before_av_one_third  flex_column_div '     ><style type=\"text\/css\" data-created_by=\"avia_inline_auto\" id=\"style-css-av-l7uchz49-87ad2a64dbaf3d3dbd9a534d618aa7ce\">\n.iconbox.av-l7uchz49-87ad2a64dbaf3d3dbd9a534d618aa7ce .iconbox_icon{\nbackground-color:#edaf44;\ncolor:#ffffff;\n}\n#top #wrap_all .iconbox.av-l7uchz49-87ad2a64dbaf3d3dbd9a534d618aa7ce .iconbox_content_title{\nfont-size:18px;\n}\n<\/style>\n<article  class='iconbox iconbox_left_content av-l7uchz49-87ad2a64dbaf3d3dbd9a534d618aa7ce  avia-builder-el-8  avia-builder-el-no-sibling '  itemscope=\"itemscope\" itemtype=\"https:\/\/schema.org\/CreativeWork\" ><div class=\"iconbox_icon heading-color\" aria-hidden='true' data-av_icon='\ue909' data-av_iconfont='entypo-fontello'><\/div><div class=\"iconbox_content\"><header class=\"entry-content-header\"><h3 class='iconbox_content_title '  itemprop=\"headline\" >S\u00edguenos<\/h3><\/header><div class='iconbox_content_container '  itemprop=\"text\" ><p>Ent\u00e9rate de eventos, noticias y novedades que iremos publicando en redes sociales<\/p>\n<\/div><\/div><footer class=\"entry-footer\"><\/footer><\/article><\/div>\n<div class='flex_column av-xepm-adee295ff2f305c668e7ccb995b00b26 av_one_third  avia-builder-el-9  el_after_av_one_third  el_before_av_one_full  flex_column_div '     ><style type=\"text\/css\" data-created_by=\"avia_inline_auto\" id=\"style-css-av-l7ucfvli-774f43ca711e5825b2fb3303dc726335\">\n.iconbox.av-l7ucfvli-774f43ca711e5825b2fb3303dc726335 .iconbox_icon{\nbackground-color:#edaf44;\ncolor:#ffffff;\n}\n#top #wrap_all .iconbox.av-l7ucfvli-774f43ca711e5825b2fb3303dc726335 .iconbox_content_title{\nfont-size:18px;\n}\n<\/style>\n<article  class='iconbox iconbox_left_content av-l7ucfvli-774f43ca711e5825b2fb3303dc726335  avia-builder-el-10  avia-builder-el-no-sibling '  itemscope=\"itemscope\" itemtype=\"https:\/\/schema.org\/CreativeWork\" ><div class=\"iconbox_icon heading-color\" aria-hidden='true' data-av_icon='\ue842' data-av_iconfont='entypo-fontello'><\/div><div class=\"iconbox_content\"><header class=\"entry-content-header\"><h3 class='iconbox_content_title '  itemprop=\"headline\" >Vis\u00edtanos<\/h3><\/header><div class='iconbox_content_container '  itemprop=\"text\" ><p style=\"text-align: left;\">Ven a probar un d\u00eda con nosotros sin compromiso<\/p>\n<\/div><\/div><footer class=\"entry-footer\"><\/footer><\/article><\/div>\n<div class='flex_column av-ppmm-9d5fb47acb12a00cdd2edcd6c8890cad av_one_full  avia-builder-el-11  el_after_av_one_third  el_before_av_one_fourth  first flex_column_div column-top-margin'     ><p>\n<style type=\"text\/css\" data-created_by=\"avia_inline_auto\" id=\"style-css-av-l7uct0lx-5b6c39508c6d71f8f8cf2e623f8f0a60\">\n#top .hr.av-l7uct0lx-5b6c39508c6d71f8f8cf2e623f8f0a60{\nmargin-top:30px;\nmargin-bottom:30px;\n}\n.hr.av-l7uct0lx-5b6c39508c6d71f8f8cf2e623f8f0a60 .hr-inner{\nwidth:100px;\nborder-color:#edae44;\nmax-width:45%;\n}\n.hr.av-l7uct0lx-5b6c39508c6d71f8f8cf2e623f8f0a60 .av-seperator-icon{\ncolor:#edae44;\n}\n<\/style>\n<div  class='hr av-l7uct0lx-5b6c39508c6d71f8f8cf2e623f8f0a60 hr-custom  avia-builder-el-12  el_before_av_blog  avia-builder-el-first  hr-center hr-icon-yes'><span class='hr-inner inner-border-av-border-fat'><span class=\"hr-inner-style\"><\/span><\/span><span class='av-seperator-icon' aria-hidden='true' data-av_icon='\ue8d2' data-av_iconfont='entypo-fontello'><\/span><span class='hr-inner inner-border-av-border-fat'><span class=\"hr-inner-style\"><\/span><\/span><\/div><br \/>\n<div  data-slideshow-options=\"{&quot;animation&quot;:&quot;fade&quot;,&quot;autoplay&quot;:false,&quot;loop_autoplay&quot;:&quot;once&quot;,&quot;interval&quot;:5,&quot;loop_manual&quot;:&quot;manual-endless&quot;,&quot;autoplay_stopper&quot;:false,&quot;noNavigation&quot;:false,&quot;show_slide_delay&quot;:90}\" class='avia-content-slider avia-content-grid-active avia-content-slider1 avia-content-slider-odd  avia-builder-el-13  el_after_av_hr  avia-builder-el-last  av-slideshow-ui av-control-default   av-no-slider-navigation av-slideshow-manual av-loop-once av-loop-manual-endless '  itemscope=\"itemscope\" itemtype=\"https:\/\/schema.org\/Blog\" ><div class=\"avia-content-slider-inner\"><div class=\"slide-entry-wrap\"><article class='slide-entry flex_column  post-entry post-entry-3929 slide-entry-overview slide-loop-1 slide-parity-odd  av_one_third first real-thumbnail post-format-standard'  itemscope=\"itemscope\" itemtype=\"https:\/\/schema.org\/CreativeWork\" ><a href='https:\/\/ascamelot.es\/index.php\/2023\/06\/20\/ultimo-dia-de-ronda\/' data-rel='slide-1' class='slide-image' title='\u00daltimo d\u00eda de ronda'><img width=\"495\" height=\"400\" src=\"https:\/\/ascamelot.es\/wp-content\/uploads\/2023\/06\/WhatsApp-Image-2023-06-17-at-20.53.52-495x400.jpeg\" class=\"wp-image-3936 avia-img-lazy-loading-not-3936 attachment-portfolio size-portfolio wp-post-image\" alt=\"\" srcset=\"https:\/\/ascamelot.es\/wp-content\/uploads\/2023\/06\/WhatsApp-Image-2023-06-17-at-20.53.52-495x400.jpeg 495w, https:\/\/ascamelot.es\/wp-content\/uploads\/2023\/06\/WhatsApp-Image-2023-06-17-at-20.53.52-845x684.jpeg 845w\" sizes=\"(max-width: 495px) 100vw, 495px\" \/><\/a><div class=\"slide-content\"><header class=\"entry-content-header\"><h3 class='slide-entry-title entry-title '  itemprop=\"headline\" ><a href='https:\/\/ascamelot.es\/index.php\/2023\/06\/20\/ultimo-dia-de-ronda\/' title='\u00daltimo d\u00eda de ronda'>\u00daltimo d\u00eda de ronda<\/a><\/h3><span class=\"av-vertical-delimiter\"><\/span><\/header><\/div><footer class=\"entry-footer\"><\/footer><span class='hidden'>\n\t\t\t\t<span class='av-structured-data'  itemprop=\"image\" itemscope=\"itemscope\" itemtype=\"https:\/\/schema.org\/ImageObject\" >\n\t\t\t\t\t\t<span itemprop='url'>https:\/\/ascamelot.es\/wp-content\/uploads\/2023\/06\/WhatsApp-Image-2023-06-17-at-20.53.52.jpeg<\/span>\n\t\t\t\t\t\t<span itemprop='height'>1536<\/span>\n\t\t\t\t\t\t<span itemprop='width'>2048<\/span>\n\t\t\t\t<\/span>\n\t\t\t\t<span class='av-structured-data'  itemprop=\"publisher\" itemtype=\"https:\/\/schema.org\/Organization\" itemscope=\"itemscope\" >\n\t\t\t\t\t\t<span itemprop='name'>Baden Powell<\/span>\n\t\t\t\t\t\t<span itemprop='logo' itemscope itemtype='https:\/\/schema.org\/ImageObject'>\n\t\t\t\t\t\t\t<span itemprop='url'>http:\/\/ascamelot.es\/wp-content\/uploads\/2021\/09\/output-onlinejpgtools-300x300.png<\/span>\n\t\t\t\t\t\t <\/span>\n\t\t\t\t<\/span><span class='av-structured-data'  itemprop=\"author\" itemscope=\"itemscope\" itemtype=\"https:\/\/schema.org\/Person\" ><span itemprop='name'>Baden Powell<\/span><\/span><span class='av-structured-data'  itemprop=\"datePublished\" datetime=\"2018-05-24T11:05:12+02:00\" >2023-06-20 19:48:51<\/span><span class='av-structured-data'  itemprop=\"dateModified\" itemtype=\"https:\/\/schema.org\/dateModified\" >2023-06-20 19:48:52<\/span><span class='av-structured-data'  itemprop=\"mainEntityOfPage\" itemtype=\"https:\/\/schema.org\/mainEntityOfPage\" ><span itemprop='name'>\u00daltimo d\u00eda de ronda<\/span><\/span><\/span><\/article><article class='slide-entry flex_column  post-entry post-entry-3885 slide-entry-overview slide-loop-2 slide-parity-even  av_one_third  real-thumbnail post-format-standard'  itemscope=\"itemscope\" itemtype=\"https:\/\/schema.org\/CreativeWork\" ><a href='https:\/\/ascamelot.es\/index.php\/2023\/04\/18\/campamento-semana-santa\/' data-rel='slide-1' class='slide-image' title='Campamento Semana Santa'><img width=\"495\" height=\"400\" src=\"https:\/\/ascamelot.es\/wp-content\/uploads\/2023\/04\/IMG-20230405-WA0046-495x400.jpg\" class=\"wp-image-3888 avia-img-lazy-loading-not-3888 attachment-portfolio size-portfolio wp-post-image\" alt=\"\" srcset=\"https:\/\/ascamelot.es\/wp-content\/uploads\/2023\/04\/IMG-20230405-WA0046-495x400.jpg 495w, https:\/\/ascamelot.es\/wp-content\/uploads\/2023\/04\/IMG-20230405-WA0046-845x684.jpg 845w\" sizes=\"(max-width: 495px) 100vw, 495px\" \/><\/a><div class=\"slide-content\"><header class=\"entry-content-header\"><h3 class='slide-entry-title entry-title '  itemprop=\"headline\" ><a href='https:\/\/ascamelot.es\/index.php\/2023\/04\/18\/campamento-semana-santa\/' title='Campamento Semana Santa'>Campamento Semana Santa<\/a><\/h3><span class=\"av-vertical-delimiter\"><\/span><\/header><\/div><footer class=\"entry-footer\"><\/footer><span class='hidden'>\n\t\t\t\t<span class='av-structured-data'  itemprop=\"image\" itemscope=\"itemscope\" itemtype=\"https:\/\/schema.org\/ImageObject\" >\n\t\t\t\t\t\t<span itemprop='url'>https:\/\/ascamelot.es\/wp-content\/uploads\/2023\/04\/IMG-20230405-WA0046.jpg<\/span>\n\t\t\t\t\t\t<span itemprop='height'>2048<\/span>\n\t\t\t\t\t\t<span itemprop='width'>1538<\/span>\n\t\t\t\t<\/span>\n\t\t\t\t<span class='av-structured-data'  itemprop=\"publisher\" itemtype=\"https:\/\/schema.org\/Organization\" itemscope=\"itemscope\" >\n\t\t\t\t\t\t<span itemprop='name'>Baden Powell<\/span>\n\t\t\t\t\t\t<span itemprop='logo' itemscope itemtype='https:\/\/schema.org\/ImageObject'>\n\t\t\t\t\t\t\t<span itemprop='url'>http:\/\/ascamelot.es\/wp-content\/uploads\/2021\/09\/output-onlinejpgtools-300x300.png<\/span>\n\t\t\t\t\t\t <\/span>\n\t\t\t\t<\/span><span class='av-structured-data'  itemprop=\"author\" itemscope=\"itemscope\" itemtype=\"https:\/\/schema.org\/Person\" ><span itemprop='name'>Baden Powell<\/span><\/span><span class='av-structured-data'  itemprop=\"datePublished\" datetime=\"2018-05-24T11:05:12+02:00\" >2023-04-18 09:28:09<\/span><span class='av-structured-data'  itemprop=\"dateModified\" itemtype=\"https:\/\/schema.org\/dateModified\" >2023-04-18 10:08:09<\/span><span class='av-structured-data'  itemprop=\"mainEntityOfPage\" itemtype=\"https:\/\/schema.org\/mainEntityOfPage\" ><span itemprop='name'>Campamento Semana Santa<\/span><\/span><\/span><\/article><article class='slide-entry flex_column  post-entry post-entry-3868 slide-entry-overview slide-loop-3 slide-parity-odd  post-entry-last  av_one_third  real-thumbnail post-format-standard'  itemscope=\"itemscope\" itemtype=\"https:\/\/schema.org\/CreativeWork\" ><a href='https:\/\/ascamelot.es\/index.php\/2023\/02\/08\/manteo-del-pelele\/' data-rel='slide-1' class='slide-image' title='Manteo del pelele'><img width=\"495\" height=\"400\" src=\"https:\/\/ascamelot.es\/wp-content\/uploads\/2023\/02\/IMG-20230204-WA0021-495x400.jpg\" class=\"wp-image-3867 avia-img-lazy-loading-not-3867 attachment-portfolio size-portfolio wp-post-image\" alt=\"Pelele\" srcset=\"https:\/\/ascamelot.es\/wp-content\/uploads\/2023\/02\/IMG-20230204-WA0021-495x400.jpg 495w, https:\/\/ascamelot.es\/wp-content\/uploads\/2023\/02\/IMG-20230204-WA0021-845x684.jpg 845w\" sizes=\"(max-width: 495px) 100vw, 495px\" \/><\/a><div class=\"slide-content\"><header class=\"entry-content-header\"><h3 class='slide-entry-title entry-title '  itemprop=\"headline\" ><a href='https:\/\/ascamelot.es\/index.php\/2023\/02\/08\/manteo-del-pelele\/' title='Manteo del pelele'>Manteo del pelele<\/a><\/h3><span class=\"av-vertical-delimiter\"><\/span><\/header><\/div><footer class=\"entry-footer\"><\/footer><span class='hidden'>\n\t\t\t\t<span class='av-structured-data'  itemprop=\"image\" itemscope=\"itemscope\" itemtype=\"https:\/\/schema.org\/ImageObject\" >\n\t\t\t\t\t\t<span itemprop='url'>https:\/\/ascamelot.es\/wp-content\/uploads\/2023\/02\/IMG-20230204-WA0021.jpg<\/span>\n\t\t\t\t\t\t<span itemprop='height'>1600<\/span>\n\t\t\t\t\t\t<span itemprop='width'>1200<\/span>\n\t\t\t\t<\/span>\n\t\t\t\t<span class='av-structured-data'  itemprop=\"publisher\" itemtype=\"https:\/\/schema.org\/Organization\" itemscope=\"itemscope\" >\n\t\t\t\t\t\t<span itemprop='name'>Baden Powell<\/span>\n\t\t\t\t\t\t<span itemprop='logo' itemscope itemtype='https:\/\/schema.org\/ImageObject'>\n\t\t\t\t\t\t\t<span itemprop='url'>http:\/\/ascamelot.es\/wp-content\/uploads\/2021\/09\/output-onlinejpgtools-300x300.png<\/span>\n\t\t\t\t\t\t <\/span>\n\t\t\t\t<\/span><span class='av-structured-data'  itemprop=\"author\" itemscope=\"itemscope\" itemtype=\"https:\/\/schema.org\/Person\" ><span itemprop='name'>Baden Powell<\/span><\/span><span class='av-structured-data'  itemprop=\"datePublished\" datetime=\"2018-05-24T11:05:12+02:00\" >2023-02-08 16:30:23<\/span><span class='av-structured-data'  itemprop=\"dateModified\" itemtype=\"https:\/\/schema.org\/dateModified\" >2023-02-08 16:31:28<\/span><span class='av-structured-data'  itemprop=\"mainEntityOfPage\" itemtype=\"https:\/\/schema.org\/mainEntityOfPage\" ><span itemprop='name'>Manteo del pelele<\/span><\/span><\/span><\/article><\/div><\/div><\/div><\/p><\/div>\n<div class='flex_column av-av_one_fourth-7714eba142aeda1f8b5272a3c372b279 av_one_fourth  avia-builder-el-14  el_after_av_one_full  el_before_av_one_fourth  first flex_column_div column-top-margin'     ><\/div>\n<div class='flex_column av-av_one_fourth-f1c518e9ff58e869f80c8f093487abc9 av_one_fourth  avia-builder-el-15  el_after_av_one_fourth  avia-builder-el-last  flex_column_div column-top-margin'     ><\/div>\n","protected":false},"excerpt":{"rendered":"","protected":false},"author":1,"featured_media":0,"parent":0,"menu_order":0,"comment_status":"closed","ping_status":"closed","template":"","meta":{"_monsterinsights_skip_tracking":false,"_monsterinsights_sitenote_active":false,"_monsterinsights_sitenote_note":"","_monsterinsights_sitenote_category":0,"_mc_calendar":[]},"aioseo_notices":[],"_links":{"self":[{"href":"https:\/\/ascamelot.es\/index.php\/wp-json\/wp\/v2\/pages\/14"}],"collection":[{"href":"https:\/\/ascamelot.es\/index.php\/wp-json\/wp\/v2\/pages"}],"about":[{"href":"https:\/\/ascamelot.es\/index.php\/wp-json\/wp\/v2\/types\/page"}],"author":[{"embeddable":true,"href":"https:\/\/ascamelot.es\/index.php\/wp-json\/wp\/v2\/users\/1"}],"replies":[{"embeddable":true,"href":"https:\/\/ascamelot.es\/index.php\/wp-json\/wp\/v2\/comments?post=14"}],"version-history":[{"count":33,"href":"https:\/\/ascamelot.es\/index.php\/wp-json\/wp\/v2\/pages\/14\/revisions"}],"predecessor-version":[{"id":4000,"href":"https:\/\/ascamelot.es\/index.php\/wp-json\/wp\/v2\/pages\/14\/revisions\/4000"}],"wp:attachment":[{"href":"https:\/\/ascamelot.es\/index.php\/wp-json\/wp\/v2\/media?parent=14"}],"curies":[{"name":"wp","href":"https:\/\/api.w.org\/{rel}","templated":true}]}}