{"id":64,"date":"2018-06-04T14:06:25","date_gmt":"2018-06-04T14:06:25","guid":{"rendered":"http:\/\/ascamelot.es\/wp\/?page_id=64"},"modified":"2021-09-20T20:29:52","modified_gmt":"2021-09-20T18:29:52","slug":"formulario-de-inscripcion-al-campamento-de-verano-18","status":"publish","type":"page","link":"http:\/\/ascamelot.es\/index.php\/formulario-de-inscripcion-al-campamento-de-verano-18\/","title":{"rendered":"Formulario de reserva de plaza"},"content":{"rendered":"<p><br \/>\t<div class=\"simple-alert-boxes sab_warning sab_big \">\n\t\t*Este formulario solo reserva la plaza, es la preinscripci\u00f3n que deber\u00e1 ir acompa\u00f1ada dicha reserva del abono de\u00a0 50 \u20ac. En caso de cancelar la reserva antes del 1 de julio se devolver\u00e1 este importe.\t<\/div>\n\t\n\t<div class=\"simple-alert-boxes sab_info sab_big \">\n\t\tEl 1 de julio habr\u00e1 que formalizar la reserva, rellenando el\u00a0formulario de inscripci\u00f3n definitiva y haciendo el pago del importe restante del precio del campamento.\t<\/div>\n\t[advanced_iframe src=\u00bbhttps:\/\/docs.google.com\/forms\/d\/e\/1FAIpQLScauO4bUrz1YsC9TyQY7KAfc_859_Ev3U15Q7555gAVR5lNoQ\/viewform?embedded=true\u00bb width=\u00bb850&#8243; height=\u00bb2000&#8243; frameborder=\u00bb0&#8243; marginheight=\u00bb0&#8243; marginwidth=\u00bb0&#8243;]<\/p>\n\n\n<p><\/p>\n","protected":false},"excerpt":{"rendered":"<p>[advanced_iframe src=\u00bbhttps:\/\/docs.google.com\/forms\/d\/e\/1FAIpQLScauO4bUrz1YsC9TyQY7KAfc_859_Ev3U15Q7555gAVR5lNoQ\/viewform?embedded=true\u00bb width=\u00bb850&#8243; height=\u00bb2000&#8243; frameborder=\u00bb0&#8243; marginheight=\u00bb0&#8243; marginwidth=\u00bb0&#8243;]<\/p>\n","protected":false},"author":1,"featured_media":0,"parent":0,"menu_order":0,"comment_status":"closed","ping_status":"closed","template":"","meta":{"_monsterinsights_skip_tracking":false,"_monsterinsights_sitenote_active":false,"_monsterinsights_sitenote_note":"","_monsterinsights_sitenote_category":0,"_mc_calendar":[]},"aioseo_notices":[],"_links":{"self":[{"href":"http:\/\/ascamelot.es\/index.php\/wp-json\/wp\/v2\/pages\/64"}],"collection":[{"href":"http:\/\/ascamelot.es\/index.php\/wp-json\/wp\/v2\/pages"}],"about":[{"href":"http:\/\/ascamelot.es\/index.php\/wp-json\/wp\/v2\/types\/page"}],"author":[{"embeddable":true,"href":"http:\/\/ascamelot.es\/index.php\/wp-json\/wp\/v2\/users\/1"}],"replies":[{"embeddable":true,"href":"http:\/\/ascamelot.es\/index.php\/wp-json\/wp\/v2\/comments?post=64"}],"version-history":[{"count":23,"href":"http:\/\/ascamelot.es\/index.php\/wp-json\/wp\/v2\/pages\/64\/revisions"}],"predecessor-version":[{"id":1131,"href":"http:\/\/ascamelot.es\/index.php\/wp-json\/wp\/v2\/pages\/64\/revisions\/1131"}],"wp:attachment":[{"href":"http:\/\/ascamelot.es\/index.php\/wp-json\/wp\/v2\/media?parent=64"}],"curies":[{"name":"wp","href":"https:\/\/api.w.org\/{rel}","templated":true}]}}