{"id":3676,"date":"2022-10-25T12:11:11","date_gmt":"2022-10-25T10:11:11","guid":{"rendered":"http:\/\/ascamelot.es\/?page_id=3676"},"modified":"2022-10-25T12:11:12","modified_gmt":"2022-10-25T10:11:12","slug":"colabora-con-nosotros","status":"publish","type":"page","link":"http:\/\/ascamelot.es\/index.php\/colabora-con-nosotros\/","title":{"rendered":"Colabora con nosotros"},"content":{"rendered":"<div class='flex_column av-av_one_half-7714eba142aeda1f8b5272a3c372b279 av_one_half  avia-builder-el-0  el_before_av_one_half  avia-builder-el-first  first flex_column_div '     ><p>\n<style type=\"text\/css\" data-created_by=\"avia_inline_auto\" id=\"style-css-av-l9o097uo-c4463ccd4116274d0f34ebb960657e1c\">\n#top .av-special-heading.av-l9o097uo-c4463ccd4116274d0f34ebb960657e1c{\npadding-bottom:10px;\n}\nbody .av-special-heading.av-l9o097uo-c4463ccd4116274d0f34ebb960657e1c .av-special-heading-tag .heading-char{\nfont-size:25px;\n}\n.av-special-heading.av-l9o097uo-c4463ccd4116274d0f34ebb960657e1c .av-subheading{\nfont-size:15px;\n}\n<\/style>\n<div  class='av-special-heading av-l9o097uo-c4463ccd4116274d0f34ebb960657e1c av-special-heading-h2 blockquote modern-quote  avia-builder-el-1  el_before_av_textblock  avia-builder-el-first '><h2 class='av-special-heading-tag'  itemprop=\"headline\"  >\u00bfQuieres ser monitor?<\/h2><div class=\"special-heading-border\"><div class=\"special-heading-inner-border\"><\/div><\/div><\/div><br \/>\n<section  class='av_textblock_section av-l9o0p2lc-330a78e35d61997315dfaeb554ea4783'  itemscope=\"itemscope\" itemtype=\"https:\/\/schema.org\/CreativeWork\" ><div class='avia_textblock'  itemprop=\"text\" ><p>Si eres una persona a la que le gusta vivir aventuras y tiene ganas de ser monitor con un grupo scout del que formar parte y que te ayude crecer, contacta con nosotros.<\/p>\n<p>Estamos buscando j\u00f3venes mayores de edad que est\u00e9n interesados en ser monitores de chavales desde los 6 a los 17 a\u00f1os independientemente de tener o no el t\u00edtulo de tiempo libre, ya que te ayudaremos a aprender lo necesario para vivir la mejor experiencia dentro de este proyecto.<\/p>\n<p>Si est\u00e1s motivado y dispuesto a vivir esta aventura con nosotros, no dudes rellenar el siguiente formulario para que nos pongamos en contacto contigo.<\/p>\n<h5 style=\"text-align: center;\">Te recibiremos con los brazos abiertos en esta gran familia.<\/h5>\n<\/div><\/section><br \/>\n\n<style type=\"text\/css\" data-created_by=\"avia_inline_auto\" id=\"style-css-av-l9o1pkm9-4dae7510f79190b5fff43168e03b578e\">\n#top .hr.hr-invisible.av-l9o1pkm9-4dae7510f79190b5fff43168e03b578e{\nheight:50px;\n}\n<\/style>\n<div  class='hr av-l9o1pkm9-4dae7510f79190b5fff43168e03b578e hr-invisible  avia-builder-el-3  el_after_av_textblock  el_before_av_image '><span class='hr-inner '><span class=\"hr-inner-style\"><\/span><\/span><\/div><br \/>\n\n<style type=\"text\/css\" data-created_by=\"avia_inline_auto\" id=\"style-css-av-l9o18zbk-6331f7f310e0287044cba515157d2467\">\n.avia-image-container.av-l9o18zbk-6331f7f310e0287044cba515157d2467 img.avia_image{\nbox-shadow:none;\n}\n.avia-image-container.av-l9o18zbk-6331f7f310e0287044cba515157d2467 .av-image-caption-overlay-center{\ncolor:#ffffff;\n}\n<\/style>\n<div  class='avia-image-container av-l9o18zbk-6331f7f310e0287044cba515157d2467 av-styling- avia-align-center  avia-builder-el-4  el_after_av_hr  avia-builder-el-last '   itemprop=\"image\" itemscope=\"itemscope\" itemtype=\"https:\/\/schema.org\/ImageObject\" ><div class=\"avia-image-container-inner\"><div class=\"avia-image-overlay-wrap\"><img class='wp-image-3680 avia-img-lazy-loading-not-3680 avia_image ' src=\"http:\/\/ascamelot.es\/wp-content\/uploads\/2022\/10\/IMG-20221009-WA0015-e1666691699745-1030x579.jpg\" alt='' title=''  height=\"579\" width=\"1030\"  itemprop=\"thumbnailUrl\" srcset=\"http:\/\/ascamelot.es\/wp-content\/uploads\/2022\/10\/IMG-20221009-WA0015-e1666691699745-1030x579.jpg 1030w, http:\/\/ascamelot.es\/wp-content\/uploads\/2022\/10\/IMG-20221009-WA0015-e1666691699745-300x169.jpg 300w, http:\/\/ascamelot.es\/wp-content\/uploads\/2022\/10\/IMG-20221009-WA0015-e1666691699745-768x432.jpg 768w, http:\/\/ascamelot.es\/wp-content\/uploads\/2022\/10\/IMG-20221009-WA0015-e1666691699745-1536x864.jpg 1536w, http:\/\/ascamelot.es\/wp-content\/uploads\/2022\/10\/IMG-20221009-WA0015-e1666691699745-1500x844.jpg 1500w, http:\/\/ascamelot.es\/wp-content\/uploads\/2022\/10\/IMG-20221009-WA0015-e1666691699745-705x397.jpg 705w, http:\/\/ascamelot.es\/wp-content\/uploads\/2022\/10\/IMG-20221009-WA0015-e1666691699745.jpg 1920w\" sizes=\"(max-width: 1030px) 100vw, 1030px\" \/><\/div><\/div><\/div><\/p><\/div><div class='flex_column av-av_one_half-f1c518e9ff58e869f80c8f093487abc9 av_one_half  avia-builder-el-5  el_after_av_one_half  el_before_av_hr  flex_column_div '     ><p><form action=\"http:\/\/ascamelot.es\/index.php\/colabora-con-nosotros\/\" method=\"post\"  class=\"avia_ajax_form av-form-labels-visible   avia-builder-el-6  el_before_av_hr  avia-builder-el-first  av-custom-form-color av-dark-form \" data-avia-form-id=\"1\" data-avia-redirect='' ><h3 class=''>Formulario para monitores<\/h3><fieldset><p class='  first_form  form_element form_fullwidth' id='element_avia_1_1'><label for=\"avia_1_1\">Nombre <abbr class=\"required\" title=\"requerido\">*<\/abbr><\/label> <input name=\"avia_1_1\" class=\"text_input is_empty\" type=\"text\" id=\"avia_1_1\" value=\"\" \/><\/p><p class='  first_form  form_element form_fullwidth' id='element_avia_2_1'><label for=\"avia_2_1\">Correo electr\u00f3nico <abbr class=\"required\" title=\"requerido\">*<\/abbr><\/label> <input name=\"avia_2_1\" class=\"text_input is_email\" type=\"text\" id=\"avia_2_1\" value=\"\" \/><\/p><p class='  first_form  form_element form_fullwidth av-last-visible-form-element' id='element_avia_3_1'><label for=\"avia_3_1\" class=\"textare_label hidden textare_label_avia_3_1\">Mensaje <abbr class=\"required\" title=\"requerido\">*<\/abbr><\/label><textarea  name=\"avia_3_1\" class=\"text_area is_empty\" cols=\"40\" rows=\"7\" id=\"avia_3_1\" ><\/textarea><\/p><p class=\"hidden\"><input type=\"text\" name=\"avia_4_1\" class=\"hidden \" id=\"avia_4_1\" value=\"\" \/><\/p><p class=\"form_element \"><input type=\"hidden\" value=\"1\" name=\"avia_generated_form1\" \/><input type=\"submit\" value=\"Enviar\" class=\"button\"  data-sending-label=\"Enviando\"\/><\/p><\/fieldset><\/form><div id=\"ajaxresponse_1\" class=\"ajaxresponse ajaxresponse_1 hidden\"><\/div><br \/>\n\n<style type=\"text\/css\" data-created_by=\"avia_inline_auto\" id=\"style-css-av-av_hr-3a876428eececa9d35452247ddb053af\">\n#top .hr.hr-invisible.av-av_hr-3a876428eececa9d35452247ddb053af{\nheight:50px;\n}\n<\/style>\n<div  class='hr av-av_hr-3a876428eececa9d35452247ddb053af hr-invisible  avia-builder-el-7  el_after_av_contact  el_before_av_textblock '><span class='hr-inner '><span class=\"hr-inner-style\"><\/span><\/span><\/div><br \/>\n\n<style type=\"text\/css\" data-created_by=\"avia_inline_auto\" id=\"style-css-av-l9o1ojaz-b64c2b8b24579fcb1ccb9124e329562d\">\n#top .av_textblock_section.av-l9o1ojaz-b64c2b8b24579fcb1ccb9124e329562d .avia_textblock{\ncolor:#bf7c09;\n}\n<\/style>\n<section  class='av_textblock_section av-l9o1ojaz-b64c2b8b24579fcb1ccb9124e329562d'  itemscope=\"itemscope\" itemtype=\"https:\/\/schema.org\/CreativeWork\" ><div class='avia_textblock av_inherit_color'  itemprop=\"text\" ><h3 style=\"text-align: center;\">\u269c\ufe0e Gracias por contar con nosotros \u269c\ufe0e<\/h3>\n<\/div><\/section><\/p><\/div><div  class='hr av-av_hr-91d7ccd583a503147498e120fee2ff9b hr-default  avia-builder-el-9  el_after_av_one_half  el_before_av_heading '><span class='hr-inner '><span class=\"hr-inner-style\"><\/span><\/span><\/div>\n\n<style type=\"text\/css\" data-created_by=\"avia_inline_auto\" id=\"style-css-av-l9o1cz21-5824689e55545cf3d272cfff8b0b1773\">\n#top .av-special-heading.av-l9o1cz21-5824689e55545cf3d272cfff8b0b1773{\npadding-bottom:10px;\n}\nbody .av-special-heading.av-l9o1cz21-5824689e55545cf3d272cfff8b0b1773 .av-special-heading-tag .heading-char{\nfont-size:25px;\n}\n.av-special-heading.av-l9o1cz21-5824689e55545cf3d272cfff8b0b1773 .av-subheading{\nfont-size:15px;\n}\n<\/style>\n<div  class='av-special-heading av-l9o1cz21-5824689e55545cf3d272cfff8b0b1773 av-special-heading-h2  avia-builder-el-10  el_after_av_hr  el_before_av_textblock '><h2 class='av-special-heading-tag'  itemprop=\"headline\"  >\u00bfTienes un proyecto?<\/h2><div class=\"special-heading-border\"><div class=\"special-heading-inner-border\"><\/div><\/div><\/div>\n<section  class='av_textblock_section av-l9o1hxlu-910d6802da4b8f2b81431647c86793fc'  itemscope=\"itemscope\" itemtype=\"https:\/\/schema.org\/CreativeWork\" ><div class='avia_textblock'  itemprop=\"text\" ><p>\u00bfFormas parte de alguna asociaci\u00f3n o grupo con un proyecto y crees que ser\u00edamos compatibles? \u00bfQuieres colaborar con nosotros para que formemos parte de algo m\u00e1s grande? No dudes en mandarnos un mensaje al correo <em>ascamelot@gmail.com<\/em> e inf\u00f3rmanos de todo.<\/p>\n<p>Estamos encantados de colaborar para realizar actividades educativas para chavales y monitores, actividades l\u00fadicas y eventos. Cu\u00e9ntanos tu idea y nos pondremos en contacto cuanto antes.<\/p>\n<\/div><\/section>\n","protected":false},"excerpt":{"rendered":"","protected":false},"author":1,"featured_media":0,"parent":0,"menu_order":0,"comment_status":"closed","ping_status":"closed","template":"","meta":{"_monsterinsights_skip_tracking":false,"_monsterinsights_sitenote_active":false,"_monsterinsights_sitenote_note":"","_monsterinsights_sitenote_category":0,"_mc_calendar":[]},"aioseo_notices":[],"_links":{"self":[{"href":"http:\/\/ascamelot.es\/index.php\/wp-json\/wp\/v2\/pages\/3676"}],"collection":[{"href":"http:\/\/ascamelot.es\/index.php\/wp-json\/wp\/v2\/pages"}],"about":[{"href":"http:\/\/ascamelot.es\/index.php\/wp-json\/wp\/v2\/types\/page"}],"author":[{"embeddable":true,"href":"http:\/\/ascamelot.es\/index.php\/wp-json\/wp\/v2\/users\/1"}],"replies":[{"embeddable":true,"href":"http:\/\/ascamelot.es\/index.php\/wp-json\/wp\/v2\/comments?post=3676"}],"version-history":[{"count":8,"href":"http:\/\/ascamelot.es\/index.php\/wp-json\/wp\/v2\/pages\/3676\/revisions"}],"predecessor-version":[{"id":3687,"href":"http:\/\/ascamelot.es\/index.php\/wp-json\/wp\/v2\/pages\/3676\/revisions\/3687"}],"wp:attachment":[{"href":"http:\/\/ascamelot.es\/index.php\/wp-json\/wp\/v2\/media?parent=3676"}],"curies":[{"name":"wp","href":"https:\/\/api.w.org\/{rel}","templated":true}]}}