{"id":229,"date":"2018-06-08T15:40:50","date_gmt":"2018-06-08T13:40:50","guid":{"rendered":"http:\/\/ascamelot.es\/?page_id=229"},"modified":"2026-02-23T12:23:06","modified_gmt":"2026-02-23T11:23:06","slug":"tropa","status":"publish","type":"page","link":"http:\/\/ascamelot.es\/index.php\/tropa\/","title":{"rendered":"Tropa"},"content":{"rendered":"<section  class='av_textblock_section av-mrarx-bb132661394aeab2155eb4bb7af3b385'  itemscope=\"itemscope\" itemtype=\"https:\/\/schema.org\/CreativeWork\" ><div class='avia_textblock'  itemprop=\"text\" ><h2>Tropa<\/h2>\n<p>Al alcanzar los\u00a0<b>12 a\u00f1o<\/b><strong>s\u00a0y\u00a0 hasta los 15<\/strong>, llega el momento para los chavales de entrar a formar parte de la Tropa.<\/p>\n<p>Es el tiempo de la afirmaci\u00f3n de uno mismo; el deseo de aventura se hace m\u00e1s patente, se desarrolla el car\u00e1cter, las actitudes y la capacidad de vivir en grupo, enriqueci\u00e9ndose personalmente.<\/p>\n<p>La imaginaci\u00f3n deja paso a la sed de aventuras.<br \/>\nEl contacto directo con la Naturaleza y las destrezas para desenvolverse en el medio natural les permiten ir m\u00e1s all\u00e1 en la formaci\u00f3n de s\u00ed mismos y de su personalidad.<\/p>\n<p>Aprenden a tomar decisiones por s\u00ed mismos y colectivamente.<br \/>\nHacen sus actividades en contacto con la Naturaleza y comienzan a tomar conciencia del servicio a los dem\u00e1s.<\/p>\n<p>Aspiran a estar \u201cSiempre listos\u201d.<\/p>\n<\/div><\/section>\n\n<style type=\"text\/css\" data-created_by=\"avia_inline_auto\" id=\"style-css-av-cn57h-c0f47b93c20ad11a065ce88e4b3c1a0e\">\n.iconbox.av-cn57h-c0f47b93c20ad11a065ce88e4b3c1a0e .iconbox_icon{\nbackground-color:#db9d3f;\nborder:1px solid #0a0a0a;\ncolor:#0a0204;\n}\n<\/style>\n<article  class='iconbox iconbox_left av-cn57h-c0f47b93c20ad11a065ce88e4b3c1a0e  avia-builder-el-1  el_after_av_textblock  el_before_av_gallery '  itemscope=\"itemscope\" itemtype=\"https:\/\/schema.org\/CreativeWork\" ><div class=\"iconbox_content\"><header class=\"entry-content-header\"><div class=\"iconbox_icon heading-color\" aria-hidden='true' data-av_icon='\ue80b' data-av_iconfont='entypo-fontello'><\/div><h3 class='iconbox_content_title '  itemprop=\"headline\" >Monitores<\/h3><\/header><div class='iconbox_content_container '  itemprop=\"text\" ><\/div><\/div><footer class=\"entry-footer\"><\/footer><\/article>\n\n<style type=\"text\/css\" data-created_by=\"avia_inline_auto\" id=\"style-css-av-a1vyd-d5cf2122dd7533002c30386371111e9a\">\n#top .avia-gallery.av-a1vyd-d5cf2122dd7533002c30386371111e9a .avia-gallery-thumb a{\nwidth:25%;\n}\n<\/style>\n<div  class='avia-gallery av-a1vyd-d5cf2122dd7533002c30386371111e9a avia_animate_when_visible  avia-builder-el-2  el_after_av_icon_box  avia-builder-el-last  avia_lazyload avia-gallery-animate avia-gallery-1'  itemprop=\"image\" itemscope=\"itemscope\" itemtype=\"https:\/\/schema.org\/ImageObject\" ><meta itemprop=\"contentURL\" content=\"http:\/\/ascamelot.es\/index.php\/tropa\/\"><div class='avia-gallery-thumb'><a href=\"http:\/\/ascamelot.es\/wp-content\/uploads\/2026\/02\/JOANNNN-741x1030.jpg\" data-srcset=\"http:\/\/ascamelot.es\/wp-content\/uploads\/2026\/02\/JOANNNN-741x1030.jpg 741w, http:\/\/ascamelot.es\/wp-content\/uploads\/2026\/02\/JOANNNN-216x300.jpg 216w, http:\/\/ascamelot.es\/wp-content\/uploads\/2026\/02\/JOANNNN-768x1067.jpg 768w, http:\/\/ascamelot.es\/wp-content\/uploads\/2026\/02\/JOANNNN-1105x1536.jpg 1105w, http:\/\/ascamelot.es\/wp-content\/uploads\/2026\/02\/JOANNNN-1079x1500.jpg 1079w, http:\/\/ascamelot.es\/wp-content\/uploads\/2026\/02\/JOANNNN-507x705.jpg 507w, http:\/\/ascamelot.es\/wp-content\/uploads\/2026\/02\/JOANNNN.jpg 1152w\" data-sizes=\"(max-width: 741px) 100vw, 741px\" data-rel='gallery-1' data-prev-img='http:\/\/ascamelot.es\/wp-content\/uploads\/2026\/02\/JOANNNN-495x400.jpg' class='first_thumb avianolink noLightbox ' data-onclick='1' title='JOANNNN'  itemprop=\"thumbnailUrl\"  ><img class=\"wp-image-3990 avia-img-lazy-loading-not-3990\"   src=\"http:\/\/ascamelot.es\/wp-content\/uploads\/2026\/02\/JOANNNN-507x705.jpg\" width=\"507\" height=\"705\"  title='JOANNNN' alt='' srcset=\"http:\/\/ascamelot.es\/wp-content\/uploads\/2026\/02\/JOANNNN-507x705.jpg 507w, http:\/\/ascamelot.es\/wp-content\/uploads\/2026\/02\/JOANNNN-216x300.jpg 216w, http:\/\/ascamelot.es\/wp-content\/uploads\/2026\/02\/JOANNNN-741x1030.jpg 741w, http:\/\/ascamelot.es\/wp-content\/uploads\/2026\/02\/JOANNNN-768x1067.jpg 768w, http:\/\/ascamelot.es\/wp-content\/uploads\/2026\/02\/JOANNNN-1105x1536.jpg 1105w, http:\/\/ascamelot.es\/wp-content\/uploads\/2026\/02\/JOANNNN-1079x1500.jpg 1079w, http:\/\/ascamelot.es\/wp-content\/uploads\/2026\/02\/JOANNNN.jpg 1152w\" sizes=\"(max-width: 507px) 100vw, 507px\" \/><div class='big-prev-fake'><img loading=\"lazy\" class=\"wp-image-3990 avia-img-lazy-loading-3990\"  width=\"495\" height=\"400\" src=\"http:\/\/ascamelot.es\/wp-content\/uploads\/2026\/02\/JOANNNN-495x400.jpg\" title='JOANNNN' alt='' srcset=\"http:\/\/ascamelot.es\/wp-content\/uploads\/2026\/02\/JOANNNN-495x400.jpg 495w, http:\/\/ascamelot.es\/wp-content\/uploads\/2026\/02\/JOANNNN-845x684.jpg 845w\" sizes=\"(max-width: 495px) 100vw, 495px\" \/><\/div><\/a><a href=\"http:\/\/ascamelot.es\/wp-content\/uploads\/2026\/02\/alejandroooooo-741x1030.jpg\" data-srcset=\"http:\/\/ascamelot.es\/wp-content\/uploads\/2026\/02\/alejandroooooo-741x1030.jpg 741w, http:\/\/ascamelot.es\/wp-content\/uploads\/2026\/02\/alejandroooooo-216x300.jpg 216w, http:\/\/ascamelot.es\/wp-content\/uploads\/2026\/02\/alejandroooooo-768x1067.jpg 768w, http:\/\/ascamelot.es\/wp-content\/uploads\/2026\/02\/alejandroooooo-1105x1536.jpg 1105w, http:\/\/ascamelot.es\/wp-content\/uploads\/2026\/02\/alejandroooooo-1079x1500.jpg 1079w, http:\/\/ascamelot.es\/wp-content\/uploads\/2026\/02\/alejandroooooo-507x705.jpg 507w, http:\/\/ascamelot.es\/wp-content\/uploads\/2026\/02\/alejandroooooo.jpg 1152w\" data-sizes=\"(max-width: 741px) 100vw, 741px\" data-rel='gallery-1' data-prev-img='http:\/\/ascamelot.es\/wp-content\/uploads\/2026\/02\/alejandroooooo-495x400.jpg' class='avianolink noLightbox ' data-onclick='2' title='alejandroooooo'  itemprop=\"thumbnailUrl\"  ><img class=\"wp-image-3989 avia-img-lazy-loading-not-3989\"   src=\"http:\/\/ascamelot.es\/wp-content\/uploads\/2026\/02\/alejandroooooo-507x705.jpg\" width=\"507\" height=\"705\"  title='alejandroooooo' alt='' srcset=\"http:\/\/ascamelot.es\/wp-content\/uploads\/2026\/02\/alejandroooooo-507x705.jpg 507w, http:\/\/ascamelot.es\/wp-content\/uploads\/2026\/02\/alejandroooooo-216x300.jpg 216w, http:\/\/ascamelot.es\/wp-content\/uploads\/2026\/02\/alejandroooooo-741x1030.jpg 741w, http:\/\/ascamelot.es\/wp-content\/uploads\/2026\/02\/alejandroooooo-768x1067.jpg 768w, http:\/\/ascamelot.es\/wp-content\/uploads\/2026\/02\/alejandroooooo-1105x1536.jpg 1105w, http:\/\/ascamelot.es\/wp-content\/uploads\/2026\/02\/alejandroooooo-1079x1500.jpg 1079w, http:\/\/ascamelot.es\/wp-content\/uploads\/2026\/02\/alejandroooooo.jpg 1152w\" sizes=\"(max-width: 507px) 100vw, 507px\" \/><div class='big-prev-fake'><img loading=\"lazy\" class=\"wp-image-3989 avia-img-lazy-loading-3989\"  width=\"495\" height=\"400\" src=\"http:\/\/ascamelot.es\/wp-content\/uploads\/2026\/02\/alejandroooooo-495x400.jpg\" title='alejandroooooo' alt='' srcset=\"http:\/\/ascamelot.es\/wp-content\/uploads\/2026\/02\/alejandroooooo-495x400.jpg 495w, http:\/\/ascamelot.es\/wp-content\/uploads\/2026\/02\/alejandroooooo-845x684.jpg 845w\" sizes=\"(max-width: 495px) 100vw, 495px\" \/><\/div><\/a><a href=\"http:\/\/ascamelot.es\/wp-content\/uploads\/2026\/02\/MARTAAAAAAAAA-741x1030.jpg\" data-srcset=\"http:\/\/ascamelot.es\/wp-content\/uploads\/2026\/02\/MARTAAAAAAAAA-741x1030.jpg 741w, http:\/\/ascamelot.es\/wp-content\/uploads\/2026\/02\/MARTAAAAAAAAA-216x300.jpg 216w, http:\/\/ascamelot.es\/wp-content\/uploads\/2026\/02\/MARTAAAAAAAAA-768x1067.jpg 768w, http:\/\/ascamelot.es\/wp-content\/uploads\/2026\/02\/MARTAAAAAAAAA-1105x1536.jpg 1105w, http:\/\/ascamelot.es\/wp-content\/uploads\/2026\/02\/MARTAAAAAAAAA-1079x1500.jpg 1079w, http:\/\/ascamelot.es\/wp-content\/uploads\/2026\/02\/MARTAAAAAAAAA-507x705.jpg 507w, http:\/\/ascamelot.es\/wp-content\/uploads\/2026\/02\/MARTAAAAAAAAA.jpg 1152w\" data-sizes=\"(max-width: 741px) 100vw, 741px\" data-rel='gallery-1' data-prev-img='http:\/\/ascamelot.es\/wp-content\/uploads\/2026\/02\/MARTAAAAAAAAA-495x400.jpg' class='avianolink noLightbox ' data-onclick='3' title='MARTAAAAAAAAA'  itemprop=\"thumbnailUrl\"  ><img class=\"wp-image-3988 avia-img-lazy-loading-not-3988\"   src=\"http:\/\/ascamelot.es\/wp-content\/uploads\/2026\/02\/MARTAAAAAAAAA-507x705.jpg\" width=\"507\" height=\"705\"  title='MARTAAAAAAAAA' alt='' srcset=\"http:\/\/ascamelot.es\/wp-content\/uploads\/2026\/02\/MARTAAAAAAAAA-507x705.jpg 507w, http:\/\/ascamelot.es\/wp-content\/uploads\/2026\/02\/MARTAAAAAAAAA-216x300.jpg 216w, http:\/\/ascamelot.es\/wp-content\/uploads\/2026\/02\/MARTAAAAAAAAA-741x1030.jpg 741w, http:\/\/ascamelot.es\/wp-content\/uploads\/2026\/02\/MARTAAAAAAAAA-768x1067.jpg 768w, http:\/\/ascamelot.es\/wp-content\/uploads\/2026\/02\/MARTAAAAAAAAA-1105x1536.jpg 1105w, http:\/\/ascamelot.es\/wp-content\/uploads\/2026\/02\/MARTAAAAAAAAA-1079x1500.jpg 1079w, http:\/\/ascamelot.es\/wp-content\/uploads\/2026\/02\/MARTAAAAAAAAA.jpg 1152w\" sizes=\"(max-width: 507px) 100vw, 507px\" \/><div class='big-prev-fake'><img loading=\"lazy\" class=\"wp-image-3988 avia-img-lazy-loading-3988\"  width=\"495\" height=\"400\" src=\"http:\/\/ascamelot.es\/wp-content\/uploads\/2026\/02\/MARTAAAAAAAAA-495x400.jpg\" title='MARTAAAAAAAAA' alt='' srcset=\"http:\/\/ascamelot.es\/wp-content\/uploads\/2026\/02\/MARTAAAAAAAAA-495x400.jpg 495w, http:\/\/ascamelot.es\/wp-content\/uploads\/2026\/02\/MARTAAAAAAAAA-845x684.jpg 845w\" sizes=\"(max-width: 495px) 100vw, 495px\" \/><\/div><\/a><\/div><\/div>\n","protected":false},"excerpt":{"rendered":"","protected":false},"author":1,"featured_media":0,"parent":0,"menu_order":0,"comment_status":"closed","ping_status":"closed","template":"","meta":{"_monsterinsights_skip_tracking":false,"_monsterinsights_sitenote_active":false,"_monsterinsights_sitenote_note":"","_monsterinsights_sitenote_category":0,"_mc_calendar":[]},"aioseo_notices":[],"_links":{"self":[{"href":"http:\/\/ascamelot.es\/index.php\/wp-json\/wp\/v2\/pages\/229"}],"collection":[{"href":"http:\/\/ascamelot.es\/index.php\/wp-json\/wp\/v2\/pages"}],"about":[{"href":"http:\/\/ascamelot.es\/index.php\/wp-json\/wp\/v2\/types\/page"}],"author":[{"embeddable":true,"href":"http:\/\/ascamelot.es\/index.php\/wp-json\/wp\/v2\/users\/1"}],"replies":[{"embeddable":true,"href":"http:\/\/ascamelot.es\/index.php\/wp-json\/wp\/v2\/comments?post=229"}],"version-history":[{"count":8,"href":"http:\/\/ascamelot.es\/index.php\/wp-json\/wp\/v2\/pages\/229\/revisions"}],"predecessor-version":[{"id":3991,"href":"http:\/\/ascamelot.es\/index.php\/wp-json\/wp\/v2\/pages\/229\/revisions\/3991"}],"wp:attachment":[{"href":"http:\/\/ascamelot.es\/index.php\/wp-json\/wp\/v2\/media?parent=229"}],"curies":[{"name":"wp","href":"https:\/\/api.w.org\/{rel}","templated":true}]}}