{"id":227,"date":"2018-06-08T15:40:50","date_gmt":"2018-06-08T13:40:50","guid":{"rendered":"http:\/\/ascamelot.es\/?page_id=227"},"modified":"2026-02-23T11:48:36","modified_gmt":"2026-02-23T10:48:36","slug":"camada","status":"publish","type":"page","link":"http:\/\/ascamelot.es\/index.php\/camada\/","title":{"rendered":"Camada"},"content":{"rendered":"\n<style type=\"text\/css\" data-created_by=\"avia_inline_auto\" id=\"style-css-av-w6kib-e9539f6cca9b0da14ee805909517cf28\">\n.flex_column.av-w6kib-e9539f6cca9b0da14ee805909517cf28{\n-webkit-border-radius:0px 0px 0px 0px;\n-moz-border-radius:0px 0px 0px 0px;\nborder-radius:0px 0px 0px 0px;\npadding:0px 0px 0px 0px;\n}\n<\/style>\n<div class='flex_column av-w6kib-e9539f6cca9b0da14ee805909517cf28 av_one_full  avia-builder-el-0  el_before_av_one_full  avia-builder-el-first  first flex_column_div av-zero-column-padding '     ><section  class='av_textblock_section av-q341n-ce5937ed1baec74685a677bd38fd778a'  itemscope=\"itemscope\" itemtype=\"https:\/\/schema.org\/CreativeWork\" ><div class='avia_textblock'  itemprop=\"text\" ><h2>Camada<\/h2>\n<p>La camada es la rama m\u00e1s joven. Est\u00e1 formada por chavales de 6 a 9 a\u00f1os, edades equivalentes a 1\u00ba, 2\u00ba y 3\u00ba de primaria.<\/p>\n<p>Su metodolog\u00eda se basa en el cuento de Isla en blanco, un cuento escrito totalmente por los monitores donde aparecen unos personajes llamados mochuels y en el que aparecen los nombres que adoptar\u00e1n los chavales de esta rama.<\/p>\n<p>En la Camada, los ni\u00f1os y ni\u00f1as aprenden a vivir en grupo y a participar activamente de las actividades junto a otros de su misma edad.<br \/>\nEl lema\u00a0<b>\u201cCompartir\u201d<\/b>\u00a0fomenta la igualdad y la solidaridad entre ellos.<\/p>\n<p>Aqu\u00ed lo m\u00e1s importante es jugar, correr, aprender y lo m\u00e1s importante: \u00a1divertirse!<\/p>\n<\/div><\/section><\/div>\n\n<style type=\"text\/css\" data-created_by=\"avia_inline_auto\" id=\"style-css-av-kzn3v-f2a77a58ccd8e475039b1ba31a9eea89\">\n.flex_column.av-kzn3v-f2a77a58ccd8e475039b1ba31a9eea89{\n-webkit-border-radius:0px 0px 0px 0px;\n-moz-border-radius:0px 0px 0px 0px;\nborder-radius:0px 0px 0px 0px;\npadding:0px 0px 0px 0px;\n}\n<\/style>\n<div class='flex_column av-kzn3v-f2a77a58ccd8e475039b1ba31a9eea89 av_one_full  avia-builder-el-2  el_after_av_one_full  avia-builder-el-last  first flex_column_div av-zero-column-padding column-top-margin'     ><p>\n<style type=\"text\/css\" data-created_by=\"avia_inline_auto\" id=\"style-css-av-ebfqb-6eb991a332dc6962677a1951d16ac4ba\">\n.iconbox.av-ebfqb-6eb991a332dc6962677a1951d16ac4ba .iconbox_icon{\nbackground-color:#db9d3f;\nborder:1px solid #0a0a0a;\ncolor:#0a0204;\n}\n<\/style>\n<article  class='iconbox iconbox_left av-ebfqb-6eb991a332dc6962677a1951d16ac4ba  avia-builder-el-3  el_before_av_gallery  avia-builder-el-first '  itemscope=\"itemscope\" itemtype=\"https:\/\/schema.org\/CreativeWork\" ><div class=\"iconbox_content\"><header class=\"entry-content-header\"><div class=\"iconbox_icon heading-color\" aria-hidden='true' data-av_icon='\ue80b' data-av_iconfont='entypo-fontello'><\/div><h3 class='iconbox_content_title '  itemprop=\"headline\" >Monitores<\/h3><\/header><div class='iconbox_content_container '  itemprop=\"text\" ><\/div><\/div><footer class=\"entry-footer\"><\/footer><\/article><br \/>\n\n<style type=\"text\/css\" data-created_by=\"avia_inline_auto\" id=\"style-css-av-ar9j7-5565a013b172ec267bead698cc156122\">\n#top .avia-gallery.av-ar9j7-5565a013b172ec267bead698cc156122 .avia-gallery-thumb a{\nwidth:25%;\n}\n<\/style>\n<div  class='avia-gallery av-ar9j7-5565a013b172ec267bead698cc156122 avia_animate_when_visible  avia-builder-el-4  el_after_av_icon_box  avia-builder-el-last  avia_lazyload avia-gallery-animate avia-gallery-1'  itemprop=\"image\" itemscope=\"itemscope\" itemtype=\"https:\/\/schema.org\/ImageObject\" ><meta itemprop=\"contentURL\" content=\"http:\/\/ascamelot.es\/index.php\/camada\/\"><div class='avia-gallery-thumb'><a href=\"http:\/\/ascamelot.es\/wp-content\/uploads\/2026\/02\/pluma-pluma-1030x1026.jpg\" data-srcset=\"http:\/\/ascamelot.es\/wp-content\/uploads\/2026\/02\/pluma-pluma-1030x1026.jpg 1030w, http:\/\/ascamelot.es\/wp-content\/uploads\/2026\/02\/pluma-pluma-300x300.jpg 300w, http:\/\/ascamelot.es\/wp-content\/uploads\/2026\/02\/pluma-pluma-80x80.jpg 80w, http:\/\/ascamelot.es\/wp-content\/uploads\/2026\/02\/pluma-pluma-768x765.jpg 768w, http:\/\/ascamelot.es\/wp-content\/uploads\/2026\/02\/pluma-pluma-36x36.jpg 36w, http:\/\/ascamelot.es\/wp-content\/uploads\/2026\/02\/pluma-pluma-180x180.jpg 180w, http:\/\/ascamelot.es\/wp-content\/uploads\/2026\/02\/pluma-pluma-705x702.jpg 705w, http:\/\/ascamelot.es\/wp-content\/uploads\/2026\/02\/pluma-pluma.jpg 1355w\" data-sizes=\"(max-width: 1030px) 100vw, 1030px\" data-rel='gallery-1' data-prev-img='http:\/\/ascamelot.es\/wp-content\/uploads\/2026\/02\/pluma-pluma-495x400.jpg' class='first_thumb avianolink noLightbox ' data-onclick='1' title='pluma pluma'  itemprop=\"thumbnailUrl\"  ><img class=\"wp-image-3979 avia-img-lazy-loading-not-3979\"   src=\"http:\/\/ascamelot.es\/wp-content\/uploads\/2026\/02\/pluma-pluma-705x702.jpg\" width=\"705\" height=\"702\"  title='pluma pluma' alt='' srcset=\"http:\/\/ascamelot.es\/wp-content\/uploads\/2026\/02\/pluma-pluma-705x702.jpg 705w, http:\/\/ascamelot.es\/wp-content\/uploads\/2026\/02\/pluma-pluma-300x300.jpg 300w, http:\/\/ascamelot.es\/wp-content\/uploads\/2026\/02\/pluma-pluma-1030x1026.jpg 1030w, http:\/\/ascamelot.es\/wp-content\/uploads\/2026\/02\/pluma-pluma-80x80.jpg 80w, http:\/\/ascamelot.es\/wp-content\/uploads\/2026\/02\/pluma-pluma-768x765.jpg 768w, http:\/\/ascamelot.es\/wp-content\/uploads\/2026\/02\/pluma-pluma-36x36.jpg 36w, http:\/\/ascamelot.es\/wp-content\/uploads\/2026\/02\/pluma-pluma-180x180.jpg 180w, http:\/\/ascamelot.es\/wp-content\/uploads\/2026\/02\/pluma-pluma.jpg 1355w\" sizes=\"(max-width: 705px) 100vw, 705px\" \/><div class='big-prev-fake'><img loading=\"lazy\" class=\"wp-image-3979 avia-img-lazy-loading-3979\"  width=\"495\" height=\"400\" src=\"http:\/\/ascamelot.es\/wp-content\/uploads\/2026\/02\/pluma-pluma-495x400.jpg\" title='pluma pluma' alt='' srcset=\"http:\/\/ascamelot.es\/wp-content\/uploads\/2026\/02\/pluma-pluma-495x400.jpg 495w, http:\/\/ascamelot.es\/wp-content\/uploads\/2026\/02\/pluma-pluma-845x684.jpg 845w\" sizes=\"(max-width: 495px) 100vw, 495px\" \/><\/div><\/a><a href=\"http:\/\/ascamelot.es\/wp-content\/uploads\/2026\/02\/Marcos-Marcos-1027x1030.jpg\" data-srcset=\"http:\/\/ascamelot.es\/wp-content\/uploads\/2026\/02\/Marcos-Marcos-1027x1030.jpg 1027w, http:\/\/ascamelot.es\/wp-content\/uploads\/2026\/02\/Marcos-Marcos-300x300.jpg 300w, http:\/\/ascamelot.es\/wp-content\/uploads\/2026\/02\/Marcos-Marcos-80x80.jpg 80w, http:\/\/ascamelot.es\/wp-content\/uploads\/2026\/02\/Marcos-Marcos-768x770.jpg 768w, http:\/\/ascamelot.es\/wp-content\/uploads\/2026\/02\/Marcos-Marcos-36x36.jpg 36w, http:\/\/ascamelot.es\/wp-content\/uploads\/2026\/02\/Marcos-Marcos-180x180.jpg 180w, http:\/\/ascamelot.es\/wp-content\/uploads\/2026\/02\/Marcos-Marcos-703x705.jpg 703w, http:\/\/ascamelot.es\/wp-content\/uploads\/2026\/02\/Marcos-Marcos.jpg 1349w\" data-sizes=\"(max-width: 1027px) 100vw, 1027px\" data-rel='gallery-1' data-prev-img='http:\/\/ascamelot.es\/wp-content\/uploads\/2026\/02\/Marcos-Marcos-495x400.jpg' class='avianolink noLightbox ' data-onclick='2' title='Marcos Marcos'  itemprop=\"thumbnailUrl\"  ><img class=\"wp-image-3980 avia-img-lazy-loading-not-3980\"   src=\"http:\/\/ascamelot.es\/wp-content\/uploads\/2026\/02\/Marcos-Marcos-703x705.jpg\" width=\"703\" height=\"705\"  title='Marcos Marcos' alt='' srcset=\"http:\/\/ascamelot.es\/wp-content\/uploads\/2026\/02\/Marcos-Marcos-703x705.jpg 703w, http:\/\/ascamelot.es\/wp-content\/uploads\/2026\/02\/Marcos-Marcos-300x300.jpg 300w, http:\/\/ascamelot.es\/wp-content\/uploads\/2026\/02\/Marcos-Marcos-1027x1030.jpg 1027w, http:\/\/ascamelot.es\/wp-content\/uploads\/2026\/02\/Marcos-Marcos-80x80.jpg 80w, http:\/\/ascamelot.es\/wp-content\/uploads\/2026\/02\/Marcos-Marcos-768x770.jpg 768w, http:\/\/ascamelot.es\/wp-content\/uploads\/2026\/02\/Marcos-Marcos-36x36.jpg 36w, http:\/\/ascamelot.es\/wp-content\/uploads\/2026\/02\/Marcos-Marcos-180x180.jpg 180w, http:\/\/ascamelot.es\/wp-content\/uploads\/2026\/02\/Marcos-Marcos.jpg 1349w\" sizes=\"(max-width: 703px) 100vw, 703px\" \/><div class='big-prev-fake'><img loading=\"lazy\" class=\"wp-image-3980 avia-img-lazy-loading-3980\"  width=\"495\" height=\"400\" src=\"http:\/\/ascamelot.es\/wp-content\/uploads\/2026\/02\/Marcos-Marcos-495x400.jpg\" title='Marcos Marcos' alt='' srcset=\"http:\/\/ascamelot.es\/wp-content\/uploads\/2026\/02\/Marcos-Marcos-495x400.jpg 495w, http:\/\/ascamelot.es\/wp-content\/uploads\/2026\/02\/Marcos-Marcos-845x684.jpg 845w\" sizes=\"(max-width: 495px) 100vw, 495px\" \/><\/div><\/a><\/div><\/div><\/p><\/div>\n","protected":false},"excerpt":{"rendered":"","protected":false},"author":1,"featured_media":0,"parent":0,"menu_order":0,"comment_status":"closed","ping_status":"closed","template":"","meta":{"_monsterinsights_skip_tracking":false,"_monsterinsights_sitenote_active":false,"_monsterinsights_sitenote_note":"","_monsterinsights_sitenote_category":0,"_mc_calendar":[]},"aioseo_notices":[],"_links":{"self":[{"href":"http:\/\/ascamelot.es\/index.php\/wp-json\/wp\/v2\/pages\/227"}],"collection":[{"href":"http:\/\/ascamelot.es\/index.php\/wp-json\/wp\/v2\/pages"}],"about":[{"href":"http:\/\/ascamelot.es\/index.php\/wp-json\/wp\/v2\/types\/page"}],"author":[{"embeddable":true,"href":"http:\/\/ascamelot.es\/index.php\/wp-json\/wp\/v2\/users\/1"}],"replies":[{"embeddable":true,"href":"http:\/\/ascamelot.es\/index.php\/wp-json\/wp\/v2\/comments?post=227"}],"version-history":[{"count":11,"href":"http:\/\/ascamelot.es\/index.php\/wp-json\/wp\/v2\/pages\/227\/revisions"}],"predecessor-version":[{"id":3981,"href":"http:\/\/ascamelot.es\/index.php\/wp-json\/wp\/v2\/pages\/227\/revisions\/3981"}],"wp:attachment":[{"href":"http:\/\/ascamelot.es\/index.php\/wp-json\/wp\/v2\/media?parent=227"}],"curies":[{"name":"wp","href":"https:\/\/api.w.org\/{rel}","templated":true}]}}