{"id":1336,"date":"2013-04-07T21:13:52","date_gmt":"2013-04-07T21:13:52","guid":{"rendered":"http:\/\/www.kriesi.at\/themes\/enfold\/?page_id=1336"},"modified":"2013-04-07T21:13:52","modified_gmt":"2013-04-07T21:13:52","slug":"blog-grid","status":"publish","type":"page","link":"http:\/\/ascamelot.es\/index.php\/blog\/blog-grid\/","title":{"rendered":"Blog Grid"},"content":{"rendered":"<div  data-slideshow-options=\"{&quot;animation&quot;:&quot;fade&quot;,&quot;autoplay&quot;:false,&quot;loop_autoplay&quot;:&quot;once&quot;,&quot;interval&quot;:5,&quot;loop_manual&quot;:&quot;manual-endless&quot;,&quot;autoplay_stopper&quot;:false,&quot;noNavigation&quot;:false,&quot;show_slide_delay&quot;:90}\" class='avia-content-slider avia-content-grid-active avia-content-slider1 avia-content-slider-odd  avia-builder-el-0  avia-builder-el-no-sibling  av-slideshow-ui av-control-default   av-no-slider-navigation av-slideshow-manual av-loop-once av-loop-manual-endless '  itemscope=\"itemscope\" itemtype=\"https:\/\/schema.org\/Blog\" ><div class=\"avia-content-slider-inner\"><div class=\"slide-entry-wrap\"><article class='slide-entry flex_column  post-entry post-entry-3929 slide-entry-overview slide-loop-1 slide-parity-odd  av_one_third first real-thumbnail post-format-standard'  itemscope=\"itemscope\" itemtype=\"https:\/\/schema.org\/CreativeWork\" ><a href='http:\/\/ascamelot.es\/index.php\/2023\/06\/20\/ultimo-dia-de-ronda\/' data-rel='slide-1' class='slide-image' title='\u00daltimo d\u00eda de ronda'><img width=\"495\" height=\"400\" src=\"http:\/\/ascamelot.es\/wp-content\/uploads\/2023\/06\/WhatsApp-Image-2023-06-17-at-20.53.52-495x400.jpeg\" class=\"wp-image-3936 avia-img-lazy-loading-not-3936 attachment-portfolio size-portfolio wp-post-image\" alt=\"\" srcset=\"http:\/\/ascamelot.es\/wp-content\/uploads\/2023\/06\/WhatsApp-Image-2023-06-17-at-20.53.52-495x400.jpeg 495w, http:\/\/ascamelot.es\/wp-content\/uploads\/2023\/06\/WhatsApp-Image-2023-06-17-at-20.53.52-845x684.jpeg 845w\" sizes=\"(max-width: 495px) 100vw, 495px\" \/><\/a><div class=\"slide-content\"><header class=\"entry-content-header\"><h3 class='slide-entry-title entry-title '  itemprop=\"headline\" ><a href='http:\/\/ascamelot.es\/index.php\/2023\/06\/20\/ultimo-dia-de-ronda\/' title='\u00daltimo d\u00eda de ronda'>\u00daltimo d\u00eda de ronda<\/a><\/h3><span class=\"av-vertical-delimiter\"><\/span><\/header><div class=\"slide-meta\"><div class=\"slide-meta-comments\"><a href='http:\/\/ascamelot.es\/index.php\/2023\/06\/20\/ultimo-dia-de-ronda\/#respond'>0 Comentarios<\/a><\/div><div class=\"slide-meta-del\">\/<\/div><time class='slide-meta-time updated'  itemprop=\"datePublished\" datetime=\"2023-06-20T19:48:51+02:00\" >20 junio, 2023<\/time><\/div><div class='slide-entry-excerpt entry-content'  itemprop=\"text\" >\n\n<\/div><\/div><footer class=\"entry-footer\"><\/footer><span class='hidden'>\n\t\t\t\t<span class='av-structured-data'  itemprop=\"image\" itemscope=\"itemscope\" itemtype=\"https:\/\/schema.org\/ImageObject\" >\n\t\t\t\t\t\t<span itemprop='url'>http:\/\/ascamelot.es\/wp-content\/uploads\/2023\/06\/WhatsApp-Image-2023-06-17-at-20.53.52.jpeg<\/span>\n\t\t\t\t\t\t<span itemprop='height'>1536<\/span>\n\t\t\t\t\t\t<span itemprop='width'>2048<\/span>\n\t\t\t\t<\/span>\n\t\t\t\t<span class='av-structured-data'  itemprop=\"publisher\" itemtype=\"https:\/\/schema.org\/Organization\" itemscope=\"itemscope\" >\n\t\t\t\t\t\t<span itemprop='name'>Baden Powell<\/span>\n\t\t\t\t\t\t<span itemprop='logo' itemscope itemtype='https:\/\/schema.org\/ImageObject'>\n\t\t\t\t\t\t\t<span itemprop='url'>http:\/\/ascamelot.es\/wp-content\/uploads\/2021\/09\/output-onlinejpgtools-300x300.png<\/span>\n\t\t\t\t\t\t <\/span>\n\t\t\t\t<\/span><span class='av-structured-data'  itemprop=\"author\" itemscope=\"itemscope\" itemtype=\"https:\/\/schema.org\/Person\" ><span itemprop='name'>Baden Powell<\/span><\/span><span class='av-structured-data'  itemprop=\"datePublished\" datetime=\"2013-04-07T21:13:52+02:00\" >2023-06-20 19:48:51<\/span><span class='av-structured-data'  itemprop=\"dateModified\" itemtype=\"https:\/\/schema.org\/dateModified\" >2023-06-20 19:48:52<\/span><span class='av-structured-data'  itemprop=\"mainEntityOfPage\" itemtype=\"https:\/\/schema.org\/mainEntityOfPage\" ><span itemprop='name'>\u00daltimo d\u00eda de ronda<\/span><\/span><\/span><\/article><article class='slide-entry flex_column  post-entry post-entry-3885 slide-entry-overview slide-loop-2 slide-parity-even  av_one_third  real-thumbnail post-format-standard'  itemscope=\"itemscope\" itemtype=\"https:\/\/schema.org\/CreativeWork\" ><a href='http:\/\/ascamelot.es\/index.php\/2023\/04\/18\/campamento-semana-santa\/' data-rel='slide-1' class='slide-image' title='Campamento Semana Santa'><img width=\"495\" height=\"400\" src=\"http:\/\/ascamelot.es\/wp-content\/uploads\/2023\/04\/IMG-20230405-WA0046-495x400.jpg\" class=\"wp-image-3888 avia-img-lazy-loading-not-3888 attachment-portfolio size-portfolio wp-post-image\" alt=\"\" srcset=\"http:\/\/ascamelot.es\/wp-content\/uploads\/2023\/04\/IMG-20230405-WA0046-495x400.jpg 495w, http:\/\/ascamelot.es\/wp-content\/uploads\/2023\/04\/IMG-20230405-WA0046-845x684.jpg 845w\" sizes=\"(max-width: 495px) 100vw, 495px\" \/><\/a><div class=\"slide-content\"><header class=\"entry-content-header\"><h3 class='slide-entry-title entry-title '  itemprop=\"headline\" ><a href='http:\/\/ascamelot.es\/index.php\/2023\/04\/18\/campamento-semana-santa\/' title='Campamento Semana Santa'>Campamento Semana Santa<\/a><\/h3><span class=\"av-vertical-delimiter\"><\/span><\/header><div class=\"slide-meta\"><div class=\"slide-meta-comments\"><a href='http:\/\/ascamelot.es\/index.php\/2023\/04\/18\/campamento-semana-santa\/#respond'>0 Comentarios<\/a><\/div><div class=\"slide-meta-del\">\/<\/div><time class='slide-meta-time updated'  itemprop=\"datePublished\" datetime=\"2023-04-18T09:28:09+02:00\" >18 abril, 2023<\/time><\/div><div class='slide-entry-excerpt entry-content'  itemprop=\"text\" >\n\n\n\n\n\n<\/div><\/div><footer class=\"entry-footer\"><\/footer><span class='hidden'>\n\t\t\t\t<span class='av-structured-data'  itemprop=\"image\" itemscope=\"itemscope\" itemtype=\"https:\/\/schema.org\/ImageObject\" >\n\t\t\t\t\t\t<span itemprop='url'>http:\/\/ascamelot.es\/wp-content\/uploads\/2023\/04\/IMG-20230405-WA0046.jpg<\/span>\n\t\t\t\t\t\t<span itemprop='height'>2048<\/span>\n\t\t\t\t\t\t<span itemprop='width'>1538<\/span>\n\t\t\t\t<\/span>\n\t\t\t\t<span class='av-structured-data'  itemprop=\"publisher\" itemtype=\"https:\/\/schema.org\/Organization\" itemscope=\"itemscope\" >\n\t\t\t\t\t\t<span itemprop='name'>Baden Powell<\/span>\n\t\t\t\t\t\t<span itemprop='logo' itemscope itemtype='https:\/\/schema.org\/ImageObject'>\n\t\t\t\t\t\t\t<span itemprop='url'>http:\/\/ascamelot.es\/wp-content\/uploads\/2021\/09\/output-onlinejpgtools-300x300.png<\/span>\n\t\t\t\t\t\t <\/span>\n\t\t\t\t<\/span><span class='av-structured-data'  itemprop=\"author\" itemscope=\"itemscope\" itemtype=\"https:\/\/schema.org\/Person\" ><span itemprop='name'>Baden Powell<\/span><\/span><span class='av-structured-data'  itemprop=\"datePublished\" datetime=\"2013-04-07T21:13:52+02:00\" >2023-04-18 09:28:09<\/span><span class='av-structured-data'  itemprop=\"dateModified\" itemtype=\"https:\/\/schema.org\/dateModified\" >2023-04-18 10:08:09<\/span><span class='av-structured-data'  itemprop=\"mainEntityOfPage\" itemtype=\"https:\/\/schema.org\/mainEntityOfPage\" ><span itemprop='name'>Campamento Semana Santa<\/span><\/span><\/span><\/article><article class='slide-entry flex_column  post-entry post-entry-3868 slide-entry-overview slide-loop-3 slide-parity-odd  av_one_third  real-thumbnail post-format-standard'  itemscope=\"itemscope\" itemtype=\"https:\/\/schema.org\/CreativeWork\" ><a href='http:\/\/ascamelot.es\/index.php\/2023\/02\/08\/manteo-del-pelele\/' data-rel='slide-1' class='slide-image' title='Manteo del pelele'><img width=\"495\" height=\"400\" src=\"http:\/\/ascamelot.es\/wp-content\/uploads\/2023\/02\/IMG-20230204-WA0021-495x400.jpg\" class=\"wp-image-3867 avia-img-lazy-loading-not-3867 attachment-portfolio size-portfolio wp-post-image\" alt=\"Pelele\" srcset=\"http:\/\/ascamelot.es\/wp-content\/uploads\/2023\/02\/IMG-20230204-WA0021-495x400.jpg 495w, http:\/\/ascamelot.es\/wp-content\/uploads\/2023\/02\/IMG-20230204-WA0021-845x684.jpg 845w\" sizes=\"(max-width: 495px) 100vw, 495px\" \/><\/a><div class=\"slide-content\"><header class=\"entry-content-header\"><h3 class='slide-entry-title entry-title '  itemprop=\"headline\" ><a href='http:\/\/ascamelot.es\/index.php\/2023\/02\/08\/manteo-del-pelele\/' title='Manteo del pelele'>Manteo del pelele<\/a><\/h3><span class=\"av-vertical-delimiter\"><\/span><\/header><div class=\"slide-meta\"><div class=\"slide-meta-comments\"><a href='http:\/\/ascamelot.es\/index.php\/2023\/02\/08\/manteo-del-pelele\/#respond'>0 Comentarios<\/a><\/div><div class=\"slide-meta-del\">\/<\/div><time class='slide-meta-time updated'  itemprop=\"datePublished\" datetime=\"2023-02-08T16:30:23+01:00\" >8 febrero, 2023<\/time><\/div><div class='slide-entry-excerpt entry-content'  itemprop=\"text\" >\n\n\n\n\n\n\n\n\n\n<\/div><\/div><footer class=\"entry-footer\"><\/footer><span class='hidden'>\n\t\t\t\t<span class='av-structured-data'  itemprop=\"image\" itemscope=\"itemscope\" itemtype=\"https:\/\/schema.org\/ImageObject\" >\n\t\t\t\t\t\t<span itemprop='url'>http:\/\/ascamelot.es\/wp-content\/uploads\/2023\/02\/IMG-20230204-WA0021.jpg<\/span>\n\t\t\t\t\t\t<span itemprop='height'>1600<\/span>\n\t\t\t\t\t\t<span itemprop='width'>1200<\/span>\n\t\t\t\t<\/span>\n\t\t\t\t<span class='av-structured-data'  itemprop=\"publisher\" itemtype=\"https:\/\/schema.org\/Organization\" itemscope=\"itemscope\" >\n\t\t\t\t\t\t<span itemprop='name'>Baden Powell<\/span>\n\t\t\t\t\t\t<span itemprop='logo' itemscope itemtype='https:\/\/schema.org\/ImageObject'>\n\t\t\t\t\t\t\t<span itemprop='url'>http:\/\/ascamelot.es\/wp-content\/uploads\/2021\/09\/output-onlinejpgtools-300x300.png<\/span>\n\t\t\t\t\t\t <\/span>\n\t\t\t\t<\/span><span class='av-structured-data'  itemprop=\"author\" itemscope=\"itemscope\" itemtype=\"https:\/\/schema.org\/Person\" ><span itemprop='name'>Baden Powell<\/span><\/span><span class='av-structured-data'  itemprop=\"datePublished\" datetime=\"2013-04-07T21:13:52+02:00\" >2023-02-08 16:30:23<\/span><span class='av-structured-data'  itemprop=\"dateModified\" itemtype=\"https:\/\/schema.org\/dateModified\" >2023-02-08 16:31:28<\/span><span class='av-structured-data'  itemprop=\"mainEntityOfPage\" itemtype=\"https:\/\/schema.org\/mainEntityOfPage\" ><span itemprop='name'>Manteo del pelele<\/span><\/span><\/span><\/article><\/div><div class=\"slide-entry-wrap\"><article class='slide-entry flex_column  post-entry post-entry-3842 slide-entry-overview slide-loop-4 slide-parity-odd  av_one_third first real-thumbnail post-format-standard'  itemscope=\"itemscope\" itemtype=\"https:\/\/schema.org\/CreativeWork\" ><a href='http:\/\/ascamelot.es\/index.php\/2022\/12\/13\/limpieza-de-basura-cantocochino\/' data-rel='slide-1' class='slide-image' title='Limpieza de basura Cantocochino'><img width=\"495\" height=\"400\" src=\"http:\/\/ascamelot.es\/wp-content\/uploads\/2022\/12\/IMG20221210121607-495x400.jpg\" class=\"wp-image-3848 avia-img-lazy-loading-not-3848 attachment-portfolio size-portfolio wp-post-image\" alt=\"\" srcset=\"http:\/\/ascamelot.es\/wp-content\/uploads\/2022\/12\/IMG20221210121607-495x400.jpg 495w, http:\/\/ascamelot.es\/wp-content\/uploads\/2022\/12\/IMG20221210121607-845x684.jpg 845w\" sizes=\"(max-width: 495px) 100vw, 495px\" \/><\/a><div class=\"slide-content\"><header class=\"entry-content-header\"><h3 class='slide-entry-title entry-title '  itemprop=\"headline\" ><a href='http:\/\/ascamelot.es\/index.php\/2022\/12\/13\/limpieza-de-basura-cantocochino\/' title='Limpieza de basura Cantocochino'>Limpieza de basura Cantocochino<\/a><\/h3><span class=\"av-vertical-delimiter\"><\/span><\/header><div class=\"slide-meta\"><div class=\"slide-meta-comments\"><a href='http:\/\/ascamelot.es\/index.php\/2022\/12\/13\/limpieza-de-basura-cantocochino\/#respond'>0 Comentarios<\/a><\/div><div class=\"slide-meta-del\">\/<\/div><time class='slide-meta-time updated'  itemprop=\"datePublished\" datetime=\"2022-12-13T13:10:50+01:00\" >13 diciembre, 2022<\/time><\/div><div class='slide-entry-excerpt entry-content'  itemprop=\"text\" >\n\n\n\n\n\n\n\n<\/div><\/div><footer class=\"entry-footer\"><\/footer><span class='hidden'>\n\t\t\t\t<span class='av-structured-data'  itemprop=\"image\" itemscope=\"itemscope\" itemtype=\"https:\/\/schema.org\/ImageObject\" >\n\t\t\t\t\t\t<span itemprop='url'>http:\/\/ascamelot.es\/wp-content\/uploads\/2022\/12\/IMG20221210121607-scaled.jpg<\/span>\n\t\t\t\t\t\t<span itemprop='height'>2560<\/span>\n\t\t\t\t\t\t<span itemprop='width'>1155<\/span>\n\t\t\t\t<\/span>\n\t\t\t\t<span class='av-structured-data'  itemprop=\"publisher\" itemtype=\"https:\/\/schema.org\/Organization\" itemscope=\"itemscope\" >\n\t\t\t\t\t\t<span itemprop='name'>Baden Powell<\/span>\n\t\t\t\t\t\t<span itemprop='logo' itemscope itemtype='https:\/\/schema.org\/ImageObject'>\n\t\t\t\t\t\t\t<span itemprop='url'>http:\/\/ascamelot.es\/wp-content\/uploads\/2021\/09\/output-onlinejpgtools-300x300.png<\/span>\n\t\t\t\t\t\t <\/span>\n\t\t\t\t<\/span><span class='av-structured-data'  itemprop=\"author\" itemscope=\"itemscope\" itemtype=\"https:\/\/schema.org\/Person\" ><span itemprop='name'>Baden Powell<\/span><\/span><span class='av-structured-data'  itemprop=\"datePublished\" datetime=\"2013-04-07T21:13:52+02:00\" >2022-12-13 13:10:50<\/span><span class='av-structured-data'  itemprop=\"dateModified\" itemtype=\"https:\/\/schema.org\/dateModified\" >2022-12-14 13:13:35<\/span><span class='av-structured-data'  itemprop=\"mainEntityOfPage\" itemtype=\"https:\/\/schema.org\/mainEntityOfPage\" ><span itemprop='name'>Limpieza de basura Cantocochino<\/span><\/span><\/span><\/article><article class='slide-entry flex_column  post-entry post-entry-3833 slide-entry-overview slide-loop-5 slide-parity-even  av_one_third  real-thumbnail post-format-standard'  itemscope=\"itemscope\" itemtype=\"https:\/\/schema.org\/CreativeWork\" ><a href='http:\/\/ascamelot.es\/index.php\/2022\/11\/17\/3833\/' data-rel='slide-1' class='slide-image' title='Acampada noviembre'><img width=\"495\" height=\"400\" src=\"http:\/\/ascamelot.es\/wp-content\/uploads\/2022\/11\/IMG-20221115-WA0024-495x400.jpg\" class=\"wp-image-3838 avia-img-lazy-loading-not-3838 attachment-portfolio size-portfolio wp-post-image\" alt=\"\" srcset=\"http:\/\/ascamelot.es\/wp-content\/uploads\/2022\/11\/IMG-20221115-WA0024-495x400.jpg 495w, http:\/\/ascamelot.es\/wp-content\/uploads\/2022\/11\/IMG-20221115-WA0024-845x684.jpg 845w\" sizes=\"(max-width: 495px) 100vw, 495px\" \/><\/a><div class=\"slide-content\"><header class=\"entry-content-header\"><h3 class='slide-entry-title entry-title '  itemprop=\"headline\" ><a href='http:\/\/ascamelot.es\/index.php\/2022\/11\/17\/3833\/' title='Acampada noviembre'>Acampada noviembre<\/a><\/h3><span class=\"av-vertical-delimiter\"><\/span><\/header><div class=\"slide-meta\"><div class=\"slide-meta-comments\"><a href='http:\/\/ascamelot.es\/index.php\/2022\/11\/17\/3833\/#respond'>0 Comentarios<\/a><\/div><div class=\"slide-meta-del\">\/<\/div><time class='slide-meta-time updated'  itemprop=\"datePublished\" datetime=\"2022-11-17T13:17:44+01:00\" >17 noviembre, 2022<\/time><\/div><div class='slide-entry-excerpt entry-content'  itemprop=\"text\" >\n\n\n\n\n\n<\/div><\/div><footer class=\"entry-footer\"><\/footer><span class='hidden'>\n\t\t\t\t<span class='av-structured-data'  itemprop=\"image\" itemscope=\"itemscope\" itemtype=\"https:\/\/schema.org\/ImageObject\" >\n\t\t\t\t\t\t<span itemprop='url'>http:\/\/ascamelot.es\/wp-content\/uploads\/2022\/11\/IMG-20221115-WA0024.jpg<\/span>\n\t\t\t\t\t\t<span itemprop='height'>2048<\/span>\n\t\t\t\t\t\t<span itemprop='width'>1536<\/span>\n\t\t\t\t<\/span>\n\t\t\t\t<span class='av-structured-data'  itemprop=\"publisher\" itemtype=\"https:\/\/schema.org\/Organization\" itemscope=\"itemscope\" >\n\t\t\t\t\t\t<span itemprop='name'>Baden Powell<\/span>\n\t\t\t\t\t\t<span itemprop='logo' itemscope itemtype='https:\/\/schema.org\/ImageObject'>\n\t\t\t\t\t\t\t<span itemprop='url'>http:\/\/ascamelot.es\/wp-content\/uploads\/2021\/09\/output-onlinejpgtools-300x300.png<\/span>\n\t\t\t\t\t\t <\/span>\n\t\t\t\t<\/span><span class='av-structured-data'  itemprop=\"author\" itemscope=\"itemscope\" itemtype=\"https:\/\/schema.org\/Person\" ><span itemprop='name'>Baden Powell<\/span><\/span><span class='av-structured-data'  itemprop=\"datePublished\" datetime=\"2013-04-07T21:13:52+02:00\" >2022-11-17 13:17:44<\/span><span class='av-structured-data'  itemprop=\"dateModified\" itemtype=\"https:\/\/schema.org\/dateModified\" >2022-11-17 13:21:18<\/span><span class='av-structured-data'  itemprop=\"mainEntityOfPage\" itemtype=\"https:\/\/schema.org\/mainEntityOfPage\" ><span itemprop='name'>Acampada noviembre<\/span><\/span><\/span><\/article><article class='slide-entry flex_column  post-entry post-entry-3644 slide-entry-overview slide-loop-6 slide-parity-odd  post-entry-last  av_one_third  real-thumbnail post-format-standard'  itemscope=\"itemscope\" itemtype=\"https:\/\/schema.org\/CreativeWork\" ><a href='http:\/\/ascamelot.es\/index.php\/2022\/10\/27\/fiesta-10-aniversario\/' data-rel='slide-1' class='slide-image' title='Fiesta 10 aniversario'><img width=\"495\" height=\"400\" src=\"http:\/\/ascamelot.es\/wp-content\/uploads\/2022\/10\/DSC0925-495x400.jpg\" class=\"wp-image-3727 avia-img-lazy-loading-not-3727 attachment-portfolio size-portfolio wp-post-image\" alt=\"\" srcset=\"http:\/\/ascamelot.es\/wp-content\/uploads\/2022\/10\/DSC0925-495x400.jpg 495w, http:\/\/ascamelot.es\/wp-content\/uploads\/2022\/10\/DSC0925-845x684.jpg 845w\" sizes=\"(max-width: 495px) 100vw, 495px\" \/><\/a><div class=\"slide-content\"><header class=\"entry-content-header\"><h3 class='slide-entry-title entry-title '  itemprop=\"headline\" ><a href='http:\/\/ascamelot.es\/index.php\/2022\/10\/27\/fiesta-10-aniversario\/' title='Fiesta 10 aniversario'>Fiesta 10 aniversario<\/a><\/h3><span class=\"av-vertical-delimiter\"><\/span><\/header><div class=\"slide-meta\"><div class=\"slide-meta-comments\"><a href='http:\/\/ascamelot.es\/index.php\/2022\/10\/27\/fiesta-10-aniversario\/#respond'>0 Comentarios<\/a><\/div><div class=\"slide-meta-del\">\/<\/div><time class='slide-meta-time updated'  itemprop=\"datePublished\" datetime=\"2022-10-27T10:17:17+02:00\" >27 octubre, 2022<\/time><\/div><div class='slide-entry-excerpt entry-content'  itemprop=\"text\" >\n\n<\/div><\/div><footer class=\"entry-footer\"><\/footer><span class='hidden'>\n\t\t\t\t<span class='av-structured-data'  itemprop=\"image\" itemscope=\"itemscope\" itemtype=\"https:\/\/schema.org\/ImageObject\" >\n\t\t\t\t\t\t<span itemprop='url'>http:\/\/ascamelot.es\/wp-content\/uploads\/2022\/10\/DSC0925-scaled.jpg<\/span>\n\t\t\t\t\t\t<span itemprop='height'>1707<\/span>\n\t\t\t\t\t\t<span itemprop='width'>2560<\/span>\n\t\t\t\t<\/span>\n\t\t\t\t<span class='av-structured-data'  itemprop=\"publisher\" itemtype=\"https:\/\/schema.org\/Organization\" itemscope=\"itemscope\" >\n\t\t\t\t\t\t<span itemprop='name'>Baden Powell<\/span>\n\t\t\t\t\t\t<span itemprop='logo' itemscope itemtype='https:\/\/schema.org\/ImageObject'>\n\t\t\t\t\t\t\t<span itemprop='url'>http:\/\/ascamelot.es\/wp-content\/uploads\/2021\/09\/output-onlinejpgtools-300x300.png<\/span>\n\t\t\t\t\t\t <\/span>\n\t\t\t\t<\/span><span class='av-structured-data'  itemprop=\"author\" itemscope=\"itemscope\" itemtype=\"https:\/\/schema.org\/Person\" ><span itemprop='name'>Baden Powell<\/span><\/span><span class='av-structured-data'  itemprop=\"datePublished\" datetime=\"2013-04-07T21:13:52+02:00\" >2022-10-27 10:17:17<\/span><span class='av-structured-data'  itemprop=\"dateModified\" itemtype=\"https:\/\/schema.org\/dateModified\" >2022-10-27 10:24:25<\/span><span class='av-structured-data'  itemprop=\"mainEntityOfPage\" itemtype=\"https:\/\/schema.org\/mainEntityOfPage\" ><span itemprop='name'>Fiesta 10 aniversario<\/span><\/span><\/span><\/article><\/div><\/div><div class='pagination-wrap pagination-slider'><nav class='pagination'><span class='pagination-meta'>P\u00e1gina 1 de 4<\/span><span class='current'>1<\/span><a href='http:\/\/ascamelot.es\/index.php\/wp-json\/wp\/v2\/pages\/1336?avia-element-paging=2' class='inactive next_page' >2<\/a><a href='http:\/\/ascamelot.es\/index.php\/wp-json\/wp\/v2\/pages\/1336?avia-element-paging=3' class='inactive' >3<\/a><a href='http:\/\/ascamelot.es\/index.php\/wp-json\/wp\/v2\/pages\/1336?avia-element-paging=4' class='inactive' >4<\/a><\/nav>\n<\/div><\/div>\n","protected":false},"excerpt":{"rendered":"","protected":false},"author":1,"featured_media":0,"parent":2273,"menu_order":0,"comment_status":"open","ping_status":"open","template":"","meta":{"_monsterinsights_skip_tracking":false,"_monsterinsights_sitenote_active":false,"_monsterinsights_sitenote_note":"","_monsterinsights_sitenote_category":0,"_mc_calendar":[]},"aioseo_notices":[],"_links":{"self":[{"href":"http:\/\/ascamelot.es\/index.php\/wp-json\/wp\/v2\/pages\/1336"}],"collection":[{"href":"http:\/\/ascamelot.es\/index.php\/wp-json\/wp\/v2\/pages"}],"about":[{"href":"http:\/\/ascamelot.es\/index.php\/wp-json\/wp\/v2\/types\/page"}],"author":[{"embeddable":true,"href":"http:\/\/ascamelot.es\/index.php\/wp-json\/wp\/v2\/users\/1"}],"replies":[{"embeddable":true,"href":"http:\/\/ascamelot.es\/index.php\/wp-json\/wp\/v2\/comments?post=1336"}],"version-history":[{"count":0,"href":"http:\/\/ascamelot.es\/index.php\/wp-json\/wp\/v2\/pages\/1336\/revisions"}],"up":[{"embeddable":true,"href":"http:\/\/ascamelot.es\/index.php\/wp-json\/wp\/v2\/pages\/2273"}],"wp:attachment":[{"href":"http:\/\/ascamelot.es\/index.php\/wp-json\/wp\/v2\/media?parent=1336"}],"curies":[{"name":"wp","href":"https:\/\/api.w.org\/{rel}","templated":true}]}}